{"id":101,"date":"2014-09-25T13:01:05","date_gmt":"2014-09-25T12:01:05","guid":{"rendered":"http:\/\/www.dhufire.org\/?page_id=101"},"modified":"2014-09-30T16:39:24","modified_gmt":"2014-09-30T15:39:24","slug":"melodie-aubart","status":"publish","type":"page","link":"https:\/\/www.dhufire.org\/?page_id=101","title":{"rendered":"M\u00e9lodie Aubart"},"content":{"rendered":"<p><\/p>\n<ul>\n<li style=\"text-align: justify;\"><strong>Variabilit\u00e9 ph\u00e9notypique du syndrome de Marfan\u00a0: recherche de facteurs g\u00e9n\u00e9tiques modificateurs par \u00e9tude eQTL.<\/strong><\/li>\n<\/ul>\n<p style=\"text-align: justify;\"><strong>\u00a0<\/strong>AUBART M<sup>1<\/sup>, STHENEUR C<sup>2<\/sup>, GROSS MS<sup>1<\/sup>, GOUYA L<sup>2<\/sup>, HANNA N<sup>1,3<\/sup>, JONDEAU G<sup>1,2<\/sup>, BOILEAU C<sup>1,3<\/sup><\/p>\n<p style=\"text-align: justify;\">(1) INSERM U1148, Laboratory for Vascular Translational Science, CHU Bichat, Paris, France. (2) Centre National de R\u00e9f\u00e9rence Maladie de Marfan et syndromes apparent\u00e9s, CHU Bichat, Paris, France. (3) Service de G\u00e9n\u00e9tique Mol\u00e9culaire, CHU Bichat, Paris, France.<\/p>\n<p style=\"text-align: justify;\">\u00a0Melodie.Aubart@inserm.fr<\/p>\n<p style=\"text-align: justify;\"><strong>\u00a0<\/strong><strong>Introduction\u00a0: <\/strong>Le syndrome de Marfan (MFS) est une maladie rare d\u2019origine g\u00e9n\u00e9tique, de transmission autosomique dominante, en relation majoritairement avec des mutations dans le g\u00e8ne codant pour la fibrilline-1 (<em>FBN1<\/em>). FBN1 est un composant majeur des microfibrilles, structures ubiquitaires de la matrice extra-cellulaire. Deux m\u00e9canismes initiateurs diff\u00e9rents peuvent \u00eatre mis en jeu : une haplo-insuffisance et un effet dominant n\u00e9gatif. L\u2019atteinte clinique est plurisyst\u00e9mique\u00a0: ophtalmologique, squelettique\u00a0 neurologique, cutan\u00e9e, pulmonaire et cardio-vasculaire (an\u00e9vrisme et dissection aortique). Le syndrome pr\u00e9sente une tr\u00e8s grande variabilit\u00e9 d\u2019atteinte tant inter qu\u2019intra-familiale et il n\u2019existe \u00e0 ce jour aucun marqueur pr\u00e9dictif de gravit\u00e9 pour le MFS. Nous avons \u00e9mis l\u2019hypoth\u00e8se qu\u2019une diff\u00e9rence de taux r\u00e9siduel de fibrilline-1 normale entre les patients pourrait expliquer la variabilit\u00e9<sup>1<\/sup>.<\/p>\n<p style=\"text-align: justify;\">\u00a0<strong>M\u00e9thodes: <\/strong>80 fibroblastes cutan\u00e9s t\u00e9moins et 80 provenant de patients MFS porteurs de mutations tronquantes dans <em>FBN1<\/em> ont \u00e9t\u00e9 \u00e9tudi\u00e9s par RT-qPCR et quantification all\u00e9lique pour <em>FBN1<\/em>.<\/p>\n<p style=\"text-align: justify;\"><strong>R\u00e9sultats\u00a0: <\/strong>Une variabilit\u00e9 d\u2019expression d\u2019un facteur 4 de <em>FBN1<\/em> a \u00e9t\u00e9 retrouv\u00e9e dans les populations t\u00e9moin et MFS. La moyenne d\u2019expression chez les sujets MFS correspondait \u00e0 52% de celle des t\u00e9moins L\u2019expression all\u00e9lique \u00e9tait indiff\u00e9renci\u00e9e chez les t\u00e9moins, contrairement aux sujets MFS (&gt;90% de l\u2019all\u00e8le sain). Dans la population MFS, une corr\u00e9lation \u00e9tait retrouv\u00e9e entre le niveau d\u2019expression de <em>FBN1<\/em> et certaines atteintes cliniques notamment l\u2019ectopie du cristallin. Le projet actuel consiste \u00e0 rechercher des facteurs g\u00e9n\u00e9tiques trans-r\u00e9gulateurs de l\u2019expression de <em>FBN1<\/em> par une \u00e9tude eQTL (Expression Quantitative Trait Loci) dont le principe est d\u2019\u00e9tudier un ou plusieurs traits d\u2019expression quantitatifs dans un tissu donn\u00e9 et de r\u00e9aliser une analyse de liaison de diff\u00e9rents marqueurs g\u00e9nomiques par g\u00e9notypage \u00e0 l\u2019\u00e9chelle d\u2019une population<sup>2<\/sup>. Ceci pourrait permettre d\u2019identifier un ou plusieurs loci suppos\u00e9s r\u00e9gulateurs de l\u2019expression de <em>FBN1<\/em> puis des facteurs r\u00e9gulateurs candidats.<\/p>\n<p style=\"text-align: justify;\">\u00a0<strong>Conclusion\u00a0<\/strong>: Les r\u00e9sultats attendus pourraient avoir un impact important aussi bien dans la compr\u00e9hension physiopathologique large des m\u00e9canismes de r\u00e9gulation de la matrice extra-cellulaire (cicatrisation, fibrose, \u00e9lasticit\u00e9\u2026) que dans la d\u00e9finition de marqueurs pr\u00e9coces de s\u00e9v\u00e9rit\u00e9 ou d\u2019\u00e9ventuelles cibles th\u00e9rapeutiques des maladies de la matrice extra-cellulaire.<\/p>\n<p style=\"text-align: justify;\">\n<p style=\"text-align: justify;\"><sup>1 <\/sup>Hum mol Genet. 2003 Sep;12:2269-76<\/p>\n<p style=\"text-align: justify;\"><sup>2 <\/sup>Nat Rev Genet. 2009 Sep;10:595-604<\/p>\n<\/p>\n<p><\/p>","protected":false},"excerpt":{"rendered":"<p>Variabilit\u00e9 ph\u00e9notypique du syndrome de Marfan\u00a0: recherche de facteurs g\u00e9n\u00e9tiques modificateurs par \u00e9tude eQTL. \u00a0AUBART M1, STHENEUR C2, GROSS MS1, GOUYA L2, HANNA N1,3, JONDEAU G1,2, BOILEAU C1,3 (1) INSERM U1148, Laboratory for Vascular Translational Science, CHU Bichat, Paris, France. <a class=\"more-link\" href=\"https:\/\/www.dhufire.org\/?page_id=101\">Lire la suite <span class=\"meta-nav\">&rarr;<\/span><\/a><\/p>\n","protected":false},"author":3,"featured_media":0,"parent":53,"menu_order":3,"comment_status":"closed","ping_status":"closed","template":"","meta":{"_analytify_skip_tracking":false,"_links_to":"","_links_to_target":""},"_links":{"self":[{"href":"https:\/\/www.dhufire.org\/index.php?rest_route=\/wp\/v2\/pages\/101"}],"collection":[{"href":"https:\/\/www.dhufire.org\/index.php?rest_route=\/wp\/v2\/pages"}],"about":[{"href":"https:\/\/www.dhufire.org\/index.php?rest_route=\/wp\/v2\/types\/page"}],"author":[{"embeddable":true,"href":"https:\/\/www.dhufire.org\/index.php?rest_route=\/wp\/v2\/users\/3"}],"replies":[{"embeddable":true,"href":"https:\/\/www.dhufire.org\/index.php?rest_route=%2Fwp%2Fv2%2Fcomments&post=101"}],"version-history":[{"count":5,"href":"https:\/\/www.dhufire.org\/index.php?rest_route=\/wp\/v2\/pages\/101\/revisions"}],"predecessor-version":[{"id":297,"href":"https:\/\/www.dhufire.org\/index.php?rest_route=\/wp\/v2\/pages\/101\/revisions\/297"}],"up":[{"embeddable":true,"href":"https:\/\/www.dhufire.org\/index.php?rest_route=\/wp\/v2\/pages\/53"}],"wp:attachment":[{"href":"https:\/\/www.dhufire.org\/index.php?rest_route=%2Fwp%2Fv2%2Fmedia&parent=101"}],"curies":[{"name":"wp","href":"https:\/\/api.w.org\/{rel}","templated":true}]}}