{"id":103,"date":"2014-09-25T13:01:51","date_gmt":"2014-09-25T12:01:51","guid":{"rendered":"http:\/\/www.dhufire.org\/?page_id=103"},"modified":"2014-09-30T16:40:07","modified_gmt":"2014-09-30T15:40:07","slug":"nicolas-charles","status":"publish","type":"page","link":"https:\/\/www.dhufire.org\/?page_id=103","title":{"rendered":"Nicolas Charles"},"content":{"rendered":"<p><\/p>\n<ul>\n<li style=\"text-align: justify;\"><strong>Les basophiles dans le d\u00e9veloppement de la n\u00e9phrite lupique \u2013 Approche Transcriptomique<\/strong><\/li>\n<\/ul>\n<p style=\"text-align: justify;\">DEMA B (1), JABLONSKI M (2), DIEUDE P. (1,3), DESCAMPS V. (5), PAPO T. (1,4), SACRE K (1,4), DAUGAS E. (1,2), CHARLES N. (1).<\/p>\n<p style=\"text-align: justify;\">1-\u00a0\u00a0\u00a0\u00a0\u00a0Centre de Recherche sur l\u2019Inflammation \u2013 INSERM U1149 \u2013 CNRS ERL8252 \u2013 Universit\u00e9 Paris Diderot \u2013 Facult\u00e9 de M\u00e9decine Site Bichat \u2013 Labex INFLAMEX \u2013 DHU FIRE, Paris, France.<\/p>\n<p style=\"text-align: justify;\">2-\u00a0\u00a0\u00a0\u00a0\u00a0Service de N\u00e9phrologie, H\u00f4pital Bichat, \u2013 DHU FIRE, Paris, France.<\/p>\n<p style=\"text-align: justify;\">3-\u00a0\u00a0\u00a0\u00a0\u00a0Service de Rhumatologie, H\u00f4pital Bichat, \u2013 DHU FIRE, Paris, France.<\/p>\n<p style=\"text-align: justify;\">4-\u00a0\u00a0\u00a0\u00a0\u00a0Service de M\u00e9decine Interne, H\u00f4pital Bichat, \u2013 DHU FIRE, Paris, France.<\/p>\n<p style=\"text-align: justify;\">5-\u00a0\u00a0\u00a0\u00a0\u00a0Service de Dermatologie, H\u00f4pital Bichat, \u2013 DHU FIRE, Paris, France.<\/p>\n<p style=\"text-align: justify;\"><a href=\"mailto:nicolas.charles@inserm.fr\">nicolas.charles@inserm.fr<\/a><\/p>\n<p style=\"text-align: justify;\"><strong>Introduction\u00a0:\u00a0<\/strong>Nous avons r\u00e9cemment d\u00e9montr\u00e9 que les granulocytes basophiles &#8211; connus pour leurs r\u00f4les dans les pathologies atopiques et les parasitoses \u2013 \u00e9taient \u00e9galement impliqu\u00e9s dans l\u2019amplification de la synth\u00e8se d\u2019autoanticorps au cours du lupus syst\u00e9mique \u00e9ryth\u00e9mateux (SLE) ainsi que dans la gravit\u00e9 de l\u2019atteinte r\u00e9nale correspondante ou n\u00e9phrite lupique.<\/p>\n<p style=\"text-align: justify;\"><strong>M\u00e9thode:\u00a0<\/strong>Le pr\u00e9sent projet a pour objectif l\u2019\u00e9tude au niveau transcriptomique de l\u2019ARN des basophiles de trois groupes de patients\u00a0: 1) 3 contr\u00f4les sains, 2) 3 patients lupiques ayant une atteinte NON-r\u00e9nale mais active, et enfin 3) 3 patients lupiques ayant une atteinte r\u00e9nale prolif\u00e9rative active.<\/p>\n<p style=\"text-align: justify;\"><strong>R\u00e9sultats attendus\u00a0:\u00a0<\/strong>L\u2019analyse diff\u00e9rentielle des r\u00e9sultats obtenus permettra d\u2019identifier des marqueurs de surface et\/ou intracellulaires sp\u00e9cifiques aux basophiles des patients lupiques actifs et \u00e9galement d\u2019identifier des biomarqueurs et des voies d\u2019activation basophiliques sp\u00e9cifiques de la n\u00e9phrite lupique.<\/p>\n<p style=\"text-align: justify;\"><strong>Conclusions\u00a0:\u00a0<\/strong>Une fois r\u00e9alis\u00e9e, cette analyse permettra d\u2019initier de nouveaux projets en d\u00e9veloppant des outils mol\u00e9culaires et des protocoles d\u2019acquisition de donn\u00e9es afin d\u2019identifier de nouvelles strat\u00e9gies diagnostiques, pronostiques et th\u00e9rapeutiques permettant de moduler le nombre et l\u2019activit\u00e9 des basophiles au cours du lupus.<\/p>\n<\/p>\n<p><\/p>","protected":false},"excerpt":{"rendered":"<p>Les basophiles dans le d\u00e9veloppement de la n\u00e9phrite lupique \u2013 Approche Transcriptomique DEMA B (1), JABLONSKI M (2), DIEUDE P. (1,3), DESCAMPS V. (5), PAPO T. (1,4), SACRE K (1,4), DAUGAS E. (1,2), CHARLES N. (1). 1-\u00a0\u00a0\u00a0\u00a0\u00a0Centre de Recherche sur <a class=\"more-link\" href=\"https:\/\/www.dhufire.org\/?page_id=103\">Lire la suite <span class=\"meta-nav\">&rarr;<\/span><\/a><\/p>\n","protected":false},"author":3,"featured_media":0,"parent":53,"menu_order":4,"comment_status":"closed","ping_status":"closed","template":"","meta":{"_analytify_skip_tracking":false,"_links_to":"","_links_to_target":""},"_links":{"self":[{"href":"https:\/\/www.dhufire.org\/index.php?rest_route=\/wp\/v2\/pages\/103"}],"collection":[{"href":"https:\/\/www.dhufire.org\/index.php?rest_route=\/wp\/v2\/pages"}],"about":[{"href":"https:\/\/www.dhufire.org\/index.php?rest_route=\/wp\/v2\/types\/page"}],"author":[{"embeddable":true,"href":"https:\/\/www.dhufire.org\/index.php?rest_route=\/wp\/v2\/users\/3"}],"replies":[{"embeddable":true,"href":"https:\/\/www.dhufire.org\/index.php?rest_route=%2Fwp%2Fv2%2Fcomments&post=103"}],"version-history":[{"count":5,"href":"https:\/\/www.dhufire.org\/index.php?rest_route=\/wp\/v2\/pages\/103\/revisions"}],"predecessor-version":[{"id":299,"href":"https:\/\/www.dhufire.org\/index.php?rest_route=\/wp\/v2\/pages\/103\/revisions\/299"}],"up":[{"embeddable":true,"href":"https:\/\/www.dhufire.org\/index.php?rest_route=\/wp\/v2\/pages\/53"}],"wp:attachment":[{"href":"https:\/\/www.dhufire.org\/index.php?rest_route=%2Fwp%2Fv2%2Fmedia&parent=103"}],"curies":[{"name":"wp","href":"https:\/\/api.w.org\/{rel}","templated":true}]}}