{"id":256,"date":"2014-09-30T12:42:36","date_gmt":"2014-09-30T11:42:36","guid":{"rendered":"http:\/\/www.dhufire.org\/?page_id=256"},"modified":"2015-04-07T15:38:01","modified_gmt":"2015-04-07T14:38:01","slug":"clinical-partners","status":"publish","type":"page","link":"https:\/\/www.dhufire.org\/?page_id=256","title":{"rendered":"Partenaires Cliniques"},"content":{"rendered":"<p>\n<table id=\"tablepress-6-no-2\" class=\"tablepress tablepress-id-6\">\n<thead>\n<tr class=\"row-1 odd\">\n\t<th class=\"column-1\">Ref<\/th><th class=\"column-2\">Type<\/th><th class=\"column-3\">Name<\/th><th class=\"column-4\">Location <\/th><th class=\"column-5\">Leader<\/th>\n<\/tr>\n<\/thead>\n<tbody class=\"row-hover\">\n<tr class=\"row-2 even\">\n\t<td class=\"column-1\">C1<\/td><td class=\"column-2\">Cardiovascular Pole<\/td><td class=\"column-3\">COORDINATION<\/td><td class=\"column-4\">Bichat<\/td><td class=\"column-5\">A Vahanian<\/td>\n<\/tr>\n<tr class=\"row-3 odd\">\n\t<td class=\"column-1\">C1.1<\/td><td class=\"column-2\">Cardiovascular Pole<\/td><td class=\"column-3\">Cardiology Department<\/td><td class=\"column-4\">Bichat<\/td><td class=\"column-5\">A Vahanian<\/td>\n<\/tr>\n<tr class=\"row-4 even\">\n\t<td class=\"column-1\">C1.2<\/td><td class=\"column-2\">Cardiovascular Pole<\/td><td class=\"column-3\">Cardiac Surgery Unit<\/td><td class=\"column-4\">Bichat<\/td><td class=\"column-5\">P Nataf<\/td>\n<\/tr>\n<tr class=\"row-5 odd\">\n\t<td class=\"column-1\">C1.3<\/td><td class=\"column-2\">Cardiovascular Pole<\/td><td class=\"column-3\">Diabetology Unit<\/td><td class=\"column-4\">Bichat<\/td><td class=\"column-5\">M Marre<\/td>\n<\/tr>\n<tr class=\"row-6 even\">\n\t<td class=\"column-1\">C1.4<\/td><td class=\"column-2\">Cardiovascular Pole<\/td><td class=\"column-3\">Vascular Neurology Unit<\/td><td class=\"column-4\">Bichat<\/td><td class=\"column-5\">P Amarenco<\/td>\n<\/tr>\n<tr class=\"row-7 odd\">\n\t<td class=\"column-1\">C2<\/td><td class=\"column-2\">Emergencies Pole<\/td><td class=\"column-3\">Cardiology Department<\/td><td class=\"column-4\">Lariboisi\u00e8re<\/td><td class=\"column-5\">A Cohen-Solal<\/td>\n<\/tr>\n<tr class=\"row-8 even\">\n\t<td class=\"column-1\">C3<\/td><td class=\"column-2\">Thorax Pole<\/td><td class=\"column-3\">COORDINATION<\/td><td class=\"column-4\">Bichat<\/td><td class=\"column-5\">B Crestani<\/td>\n<\/tr>\n<tr class=\"row-9 odd\">\n\t<td class=\"column-1\">C3.1<\/td><td class=\"column-2\">Thorax Pole<\/td><td class=\"column-3\">Pneumology A<\/td><td class=\"column-4\">Bichat<\/td><td class=\"column-5\">B Crestani<\/td>\n<\/tr>\n<tr class=\"row-10 even\">\n\t<td class=\"column-1\">C3.2<\/td><td class=\"column-2\">Thorax Pole<\/td><td class=\"column-3\">Pneumology B<\/td><td class=\"column-4\">Bichat<\/td><td class=\"column-5\">H Mal<\/td>\n<\/tr>\n<tr class=\"row-11 odd\">\n\t<td class=\"column-1\">C3.3<\/td><td class=\"column-2\">Thorax Pole<\/td><td class=\"column-3\">Thoracic and Vascular Surgery<\/td><td class=\"column-4\">Bichat<\/td><td class=\"column-5\">Y Castier<\/td>\n<\/tr>\n<tr class=\"row-12 even\">\n\t<td class=\"column-1\">C4<\/td><td class=\"column-2\">Systemic diseases and Oncology Pole<\/td><td class=\"column-3\">COORDINATION<\/td><td class=\"column-4\">Bichat<\/td><td class=\"column-5\">T Papo<\/td>\n<\/tr>\n<tr class=\"row-13 odd\">\n\t<td class=\"column-1\">C4.1<\/td><td class=\"column-2\">Systemic diseases and Oncology Pole<\/td><td class=\"column-3\">Nephrology Unit<\/td><td class=\"column-4\">Bichat<\/td><td class=\"column-5\">F Vrtovsnik<\/td>\n<\/tr>\n<tr class=\"row-14 even\">\n\t<td class=\"column-1\">C4.2<\/td><td class=\"column-2\">Systemic diseases and Oncology Pole<\/td><td class=\"column-3\">Rheumatology Unit<\/td><td class=\"column-4\">Bichat<\/td><td class=\"column-5\">P Dieud\u00e9<\/td>\n<\/tr>\n<tr class=\"row-15 odd\">\n\t<td class=\"column-1\">C4.3<\/td><td class=\"column-2\">Systemic diseases and Oncology Pole<\/td><td class=\"column-3\">Internal Medicine Unit<\/td><td class=\"column-4\">Bichat<\/td><td class=\"column-5\">T Papo<\/td>\n<\/tr>\n<tr class=\"row-16 even\">\n\t<td class=\"column-1\">C5<\/td><td class=\"column-2\">DUNE Pole<\/td><td class=\"column-3\">COORDINATION<\/td><td class=\"column-4\">Saint Louis<\/td><td class=\"column-5\">D Glotz<\/td>\n<\/tr>\n<tr class=\"row-17 odd\">\n\t<td class=\"column-1\">C5.1<\/td><td class=\"column-2\">DUNE Pole<\/td><td class=\"column-3\">Nephrology and renal transplant Unit<\/td><td class=\"column-4\">Saint Louis<\/td><td class=\"column-5\">D Glotz<\/td>\n<\/tr>\n<tr class=\"row-18 even\">\n\t<td class=\"column-1\">C5.2<\/td><td class=\"column-2\">DUNE Pole<\/td><td class=\"column-3\">Endocrinology and diabetology Unit<\/td><td class=\"column-4\">Lariboisi\u00e8re<\/td><td class=\"column-5\">JF Gautier<\/td>\n<\/tr>\n<tr class=\"row-19 odd\">\n\t<td class=\"column-1\">C6<\/td><td class=\"column-2\">Specialized Pediatrics pole<\/td><td class=\"column-3\">Pediatric Nephrology Unit<\/td><td class=\"column-4\">Robert Debr\u00e9<\/td><td class=\"column-5\">G Deschenes<\/td>\n<\/tr>\n<tr class=\"row-20 even\">\n\t<td class=\"column-1\">C7<\/td><td class=\"column-2\">Imaging and Pathology Pole<\/td><td class=\"column-3\">COORDINATION<\/td><td class=\"column-4\">HUPNVS<\/td><td class=\"column-5\">P Bedossa<\/td>\n<\/tr>\n<tr class=\"row-21 odd\">\n\t<td class=\"column-1\">C7.1<\/td><td class=\"column-2\">Imaging and Pathology Pole<\/td><td class=\"column-3\">Physiology Department<\/td><td class=\"column-4\">Bichat<\/td><td class=\"column-5\">C Clerici<\/td>\n<\/tr>\n<tr class=\"row-22 even\">\n\t<td class=\"column-1\">C7.2<\/td><td class=\"column-2\">Imaging and Pathology Pole<\/td><td class=\"column-3\">Nuclear Medicine Department<\/td><td class=\"column-4\">Bichat<\/td><td class=\"column-5\">D Le Guludec<\/td>\n<\/tr>\n<\/tbody>\n<\/table>\n<\/p>","protected":false},"excerpt":{"rendered":"<p>D\u00e9sol\u00e9, cet article est seulement disponible en Anglais Am\u00e9ricain.<\/p>\n","protected":false},"author":3,"featured_media":0,"parent":34,"menu_order":1,"comment_status":"closed","ping_status":"closed","template":"","meta":{"_analytify_skip_tracking":false,"_links_to":"","_links_to_target":""},"_links":{"self":[{"href":"https:\/\/www.dhufire.org\/index.php?rest_route=\/wp\/v2\/pages\/256"}],"collection":[{"href":"https:\/\/www.dhufire.org\/index.php?rest_route=\/wp\/v2\/pages"}],"about":[{"href":"https:\/\/www.dhufire.org\/index.php?rest_route=\/wp\/v2\/types\/page"}],"author":[{"embeddable":true,"href":"https:\/\/www.dhufire.org\/index.php?rest_route=\/wp\/v2\/users\/3"}],"replies":[{"embeddable":true,"href":"https:\/\/www.dhufire.org\/index.php?rest_route=%2Fwp%2Fv2%2Fcomments&post=256"}],"version-history":[{"count":4,"href":"https:\/\/www.dhufire.org\/index.php?rest_route=\/wp\/v2\/pages\/256\/revisions"}],"predecessor-version":[{"id":462,"href":"https:\/\/www.dhufire.org\/index.php?rest_route=\/wp\/v2\/pages\/256\/revisions\/462"}],"up":[{"embeddable":true,"href":"https:\/\/www.dhufire.org\/index.php?rest_route=\/wp\/v2\/pages\/34"}],"wp:attachment":[{"href":"https:\/\/www.dhufire.org\/index.php?rest_route=%2Fwp%2Fv2%2Fmedia&parent=256"}],"curies":[{"name":"wp","href":"https:\/\/api.w.org\/{rel}","templated":true}]}}