{"id":34,"date":"2014-09-25T10:29:01","date_gmt":"2014-09-25T09:29:01","guid":{"rendered":"http:\/\/www.dhufire.org\/?page_id=34"},"modified":"2014-11-02T19:36:01","modified_gmt":"2014-11-02T18:36:01","slug":"partners","status":"publish","type":"page","link":"https:\/\/www.dhufire.org\/?page_id=34","title":{"rendered":"Partenaires"},"content":{"rendered":"<p><a title=\"Partenaires Cliniques\" href=\"http:\/\/www.dhufire.org\/?page_id=256&amp;lang=fr\">Partenaires cliniques<br \/>\n<img loading=\"lazy\" class=\"alignright wp-image-18 size-medium\" src=\"http:\/\/www.dhufire.org\/wp-content\/uploads\/2014\/09\/Sch\u00e9ma-DHU-Partners_AN-300x251.png\" alt=\"Sch\u00e9ma DHU Partners_AN\" width=\"300\" height=\"251\" \/><\/a><\/p>\n<p><a title=\"Partenaires Recherche\" href=\"http:\/\/www.dhufire.org\/?page_id=258&amp;lang=fr\">Partenaires Recherche<\/a><\/p>\n<p><a title=\"Partenaires paracliniques\" href=\"http:\/\/www.dhufire.org\/?page_id=260&amp;lang=fr\">Partenaires Paracliniques<br \/>\n<\/a><\/p>\n<p><a title=\"Clinical Research Support\" href=\"http:\/\/www.dhufire.org\/?page_id=262&amp;lang=fr\">Support Recherche Clinique<\/a><\/p>\n<p><a title=\"National\/ Regional Ref centers\" href=\"http:\/\/www.dhufire.org\/?page_id=264&amp;lang=fr\">Centres R\u00e9f\u00e9rences Nationaux et R\u00e9gionaux<\/a><\/p>\n<p><a title=\"Partenaires Industriels\" href=\"http:\/\/www.dhufire.org\/?page_id=266&amp;lang=fr\">Partenaires Industriels<\/a><\/p>\n<p>&nbsp;<\/p>","protected":false},"excerpt":{"rendered":"<p>Partenaires cliniques Partenaires Recherche Partenaires Paracliniques Support Recherche Clinique Centres R\u00e9f\u00e9rences Nationaux et R\u00e9gionaux Partenaires Industriels &nbsp;<\/p>\n","protected":false},"author":3,"featured_media":0,"parent":0,"menu_order":3,"comment_status":"closed","ping_status":"closed","template":"","meta":{"_analytify_skip_tracking":false,"_links_to":"","_links_to_target":""},"_links":{"self":[{"href":"https:\/\/www.dhufire.org\/index.php?rest_route=\/wp\/v2\/pages\/34"}],"collection":[{"href":"https:\/\/www.dhufire.org\/index.php?rest_route=\/wp\/v2\/pages"}],"about":[{"href":"https:\/\/www.dhufire.org\/index.php?rest_route=\/wp\/v2\/types\/page"}],"author":[{"embeddable":true,"href":"https:\/\/www.dhufire.org\/index.php?rest_route=\/wp\/v2\/users\/3"}],"replies":[{"embeddable":true,"href":"https:\/\/www.dhufire.org\/index.php?rest_route=%2Fwp%2Fv2%2Fcomments&post=34"}],"version-history":[{"count":5,"href":"https:\/\/www.dhufire.org\/index.php?rest_route=\/wp\/v2\/pages\/34\/revisions"}],"predecessor-version":[{"id":413,"href":"https:\/\/www.dhufire.org\/index.php?rest_route=\/wp\/v2\/pages\/34\/revisions\/413"}],"wp:attachment":[{"href":"https:\/\/www.dhufire.org\/index.php?rest_route=%2Fwp%2Fv2%2Fmedia&parent=34"}],"curies":[{"name":"wp","href":"https:\/\/api.w.org\/{rel}","templated":true}]}}