{"id":42,"date":"2014-09-25T10:34:02","date_gmt":"2014-09-25T09:34:02","guid":{"rendered":"http:\/\/www.dhufire.org\/?page_id=42"},"modified":"2014-11-06T17:03:02","modified_gmt":"2014-11-06T16:03:02","slug":"wp2","status":"publish","type":"page","link":"https:\/\/www.dhufire.org\/?page_id=42","title":{"rendered":"WP2"},"content":{"rendered":"<p><\/p>\n<p><p><strong>W2: Diabetes in chronic remodeling diseases (Pr. Ronan Roussel)<\/strong><\/p>\n<p style=\"text-align: justify;\"><strong>\u00a0<\/strong><strong>Objectifs d\u00e9finis par le WP Diab\u00e8te \u00a0 \u00a0 \u00a0 \u00a0\u00a0<\/strong><\/p>\n<p style=\"text-align: justify;\">&#8211; Identification d&#8217;une nouvelle cible th\u00e9rapeutique dans les complications du diab\u00e8te (d\u00e9livrable 2.1),<\/p>\n<p style=\"text-align: justify;\">&#8211; R\u00f4le du diab\u00e8te dans les valvulopathies cardiaques : cohortes \u00a0GENERAC\/SOFRASA (d\u00e9livrable 2.2)<\/p>\n<p style=\"text-align: justify;\">&#8211; Insuffisance cardiaque diastolique, complication m\u00e9connue du diab\u00e8te (d\u00e9livrable 2.3)<\/p>\n<p style=\"text-align: justify;\">&#8211; Epid\u00e9miologie et g\u00e9n\u00e9tique des complications d\u00e9g\u00e9n\u00e9ratives du diab\u00e8te (d\u00e9livrable 2.4)<\/p>\n<p style=\"text-align: justify;\"><strong>\u00a0<\/strong><strong>Etat d\u2019avancement<\/strong><\/p>\n<p style=\"text-align: justify;\">La premi\u00e8re partie du d\u00e9livrable 2.1 porte sur l&#8217;\u00e9valuation pr\u00e9-clinique de nouveaux agonistes des r\u00e9cepteurs B1 et B2 de la bradykinine, avec des r\u00e9sultats encourageants dans l&#8217;isch\u00e9mie myocardique (U1138, \u00e9quipe 2, Potier et al., J Pharmacol Exp Ther. 2013 Jul;346(1):23). Cet axe de recherche se prolonge actuellement vers le remodelage cardiaque compliquant le diab\u00e8te, en collaboration au sein du DHU qui a soutenu ce projet dans l&#8217;appel d&#8217;offres Emergences ; les exp\u00e9rimentations sont en cours (d\u00e9livrable 2.3).<\/p>\n<p style=\"text-align: justify;\">Les analyses \u00e9valuant l&#8217;impact du diab\u00e8te sur les caract\u00e9ristiques et l&#8217;\u00e9volution des valvulopathies (cohortes GENERAC\/SOFRASA) en collaboration entre l&#8217;\u00e9quipe 2 U1138 et l&#8217;\u00e9quipe 2 U1148 ont d\u00e9but\u00e9. Les r\u00e9sultats sont programm\u00e9s 1er semestre 2015.<\/p>\n<p style=\"text-align: justify;\">La mise en \u00e9vidence en 2013 d&#8217;un r\u00f4le pr\u00e9dictif majeur de la vasopressine et de la copeptine dans la n\u00e9phropathie dans le diab\u00e8te de type 2 (Velho et al., Diabetes Care. 2013 Nov;36(11):3639) a \u00e9t\u00e9 \u00e9tendue au diab\u00e8te de type 1 (Velho et al., manuscrit en pr\u00e9paration). Avec l&#8217;objectif principal d&#8217;\u00e9tayer la causalit\u00e9 de cette association, des \u00e9tudes d&#8217;\u00e9pid\u00e9miologie g\u00e9n\u00e9tique (type randomisation mend\u00e9lienne) et un projet exp\u00e9rimental, destin\u00e9s \u00e0 identifier les r\u00e9cepteurs impliqu\u00e9s et le potentiel th\u00e9rapeutique de leur blocage, ont \u00e9t\u00e9 initi\u00e9s.<\/p>\n<p style=\"text-align: justify;\">\u00a0<strong>R\u00e9orientations \u00e9ventuelles<\/strong><\/p>\n<p style=\"text-align: justify;\">Le programme d&#8217;\u00e9valuation du potentiel th\u00e9rapeutique des agonistes des r\u00e9cepteurs B1 et B2 de la bradykinine a \u00e9t\u00e9 \u00e9tendu \u00e0 d&#8217;autres organes cibles des complications vasculaires du diab\u00e8te, par des travaux sur la n\u00e9phropathie (mod\u00e8le de rongeurs diab\u00e9tiques, exp\u00e9rimentations en cours), et sur la vascularisation p\u00e9riph\u00e9rique dans un mod\u00e8le de r\u00e9cup\u00e9ration de perfusion apr\u00e8s ligature de l&#8217;art\u00e8re f\u00e9morale (Desposito, et al., en r\u00e9vision).<\/p>\n<p style=\"text-align: justify;\">De nombreuses voies de signalisation impliqu\u00e9es dans les m\u00e9canismes de fibrose sont aussi essentielles au cours du d\u00e9veloppement embryonnaire. Sur ce constat, une collaboration entre des partenaires du DHU (Jean-Fran\u00e7ois Gautier, diab\u00e9tologie Lariboisi\u00e8re, Michel Marre, diab\u00e9tologie Bichat, et l&#8217; U1138 \u00e9quipe 2) a \u00e9merg\u00e9 afin d&#8217;identifier les locus g\u00e9n\u00e9tiques diff\u00e9rentiellement m\u00e9thyl\u00e9s (\u00e9pig\u00e9n\u00e9tique) chez de jeunes adultes expos\u00e9s ou non au glucose pendant la vie foetale (enfants de m\u00e8res diab\u00e9tiques), en associant ces diff\u00e9rences de m\u00e9thylation avec un marqueur fin de fonction r\u00e9nale \u00e0 l&#8217;\u00e2ge adulte. Cette approche radicalement originale, en cours de r\u00e9alisation, compl\u00e8tera le d\u00e9livrable 2.4.<\/p>\n<p style=\"text-align: justify;\">\u00a0<strong>Perspectives<\/strong><\/p>\n<p style=\"text-align: justify;\"><strong>\u00a0<\/strong>La cr\u00e9ation de l&#8217;unit\u00e9 U1138 \u00e9quipe 2, au centre de recherches des Cordeliers, &#8220;Pathophysiology and therapeutics of vascular and renal diseases related to diabetes and nutrition&#8221; est extr\u00eamement coh\u00e9rente avec le projet du DHU et facilitera la mise en \u0153uvre des nombreux projets en lien avec le diab\u00e8te. L&#8217;\u00e9quipe a int\u00e9gr\u00e9 le DHU FIRE.<\/p>\n<p style=\"text-align: justify;\">Le d\u00e9m\u00e9nagement effectif du service de diab\u00e9tologie de Saint Louis \u00e0 Lariboisi\u00e8re et sa r\u00e9organisation offre une opportunit\u00e9 de rapprochement entre les deux services de diab\u00e9tologie du DHU (Larinoisi\u00e8re et Bichat), sur le plan du soin et de l&#8217;investigation clinique. En pratique, chaque entit\u00e9 d\u00e9veloppe actuellement une base de donn\u00e9es destin\u00e9e d&#8217;une part \u00e0 son auto-\u00e9valuation propre, d&#8217;autre part qui permettra la d\u00e9finition d&#8217;indicateurs partag\u00e9s, et qui facilitera la mise en commun des ressources pour l&#8217;investigation clinique.<\/p>\n<p style=\"text-align: justify;\">L&#8217;acc\u00e9l\u00e9ration de l&#8217;activit\u00e9 de soins &#8220;nutrition&#8221; \u00e0 Bichat avec la nomination du Dr Hansel induit des d\u00e9veloppements connexes sur le plan de l&#8217;investigation clinique dans le DHU, d\u00e9veloppements ancr\u00e9s dans l&#8217;unit\u00e9 U1138 \u00e9quipe 2 (Pr Roussel). Ainsi, des projets d&#8217;\u00e9pid\u00e9miologie clinique ont \u00e9t\u00e9 initi\u00e9s en collaboration avec l&#8217;unit\u00e9 U1148 \u00e9quipe 5 (Pr Steg) ; un essai randomis\u00e9 \u00e9valuant la chirurgie bariatrique chez les insuffisants r\u00e9naux avec diab\u00e8te et ob\u00e9sit\u00e9 s\u00e9v\u00e8re, en collaboration avec l&#8217;U699 \u00e9quipe 2 (Pr Daugas) ; enfin, une dimension originale est apport\u00e9e par l&#8217;expertise du Dr Hansel en t\u00e9l\u00e9m\u00e9decine et un essai randomis\u00e9 de suivi des patients diab\u00e9tiques est en cours (financement DRC-CRC).<\/p>\n<\/p>\n<p><\/p>","protected":false},"excerpt":{"rendered":"<p>W2: Diabetes in chronic remodeling diseases (Pr. Ronan Roussel) \u00a0Objectifs d\u00e9finis par le WP Diab\u00e8te \u00a0 \u00a0 \u00a0 \u00a0\u00a0 &#8211; Identification d&#8217;une nouvelle cible th\u00e9rapeutique dans les complications du diab\u00e8te (d\u00e9livrable 2.1), &#8211; R\u00f4le du diab\u00e8te dans les valvulopathies cardiaques <a class=\"more-link\" href=\"https:\/\/www.dhufire.org\/?page_id=42\">Lire la suite <span class=\"meta-nav\">&rarr;<\/span><\/a><\/p>\n","protected":false},"author":3,"featured_media":0,"parent":37,"menu_order":2,"comment_status":"closed","ping_status":"closed","template":"","meta":{"_analytify_skip_tracking":false,"_links_to":"","_links_to_target":""},"_links":{"self":[{"href":"https:\/\/www.dhufire.org\/index.php?rest_route=\/wp\/v2\/pages\/42"}],"collection":[{"href":"https:\/\/www.dhufire.org\/index.php?rest_route=\/wp\/v2\/pages"}],"about":[{"href":"https:\/\/www.dhufire.org\/index.php?rest_route=\/wp\/v2\/types\/page"}],"author":[{"embeddable":true,"href":"https:\/\/www.dhufire.org\/index.php?rest_route=\/wp\/v2\/users\/3"}],"replies":[{"embeddable":true,"href":"https:\/\/www.dhufire.org\/index.php?rest_route=%2Fwp%2Fv2%2Fcomments&post=42"}],"version-history":[{"count":6,"href":"https:\/\/www.dhufire.org\/index.php?rest_route=\/wp\/v2\/pages\/42\/revisions"}],"predecessor-version":[{"id":420,"href":"https:\/\/www.dhufire.org\/index.php?rest_route=\/wp\/v2\/pages\/42\/revisions\/420"}],"up":[{"embeddable":true,"href":"https:\/\/www.dhufire.org\/index.php?rest_route=\/wp\/v2\/pages\/37"}],"wp:attachment":[{"href":"https:\/\/www.dhufire.org\/index.php?rest_route=%2Fwp%2Fv2%2Fmedia&parent=42"}],"curies":[{"name":"wp","href":"https:\/\/api.w.org\/{rel}","templated":true}]}}