{"id":473,"date":"2015-04-20T13:55:15","date_gmt":"2015-04-20T12:55:15","guid":{"rendered":"http:\/\/www.dhufire.org\/?page_id=473"},"modified":"2015-04-20T13:56:30","modified_gmt":"2015-04-20T12:56:30","slug":"emergence-3","status":"publish","type":"page","link":"https:\/\/www.dhufire.org\/?page_id=473","title":{"rendered":"Emergence 3"},"content":{"rendered":"<p><h2 id=\"tablepress-10-no-2-name\" class=\"tablepress-table-name tablepress-table-name-id-10\">Emergence 3<\/h2>\n\n<table id=\"tablepress-10-no-2\" class=\"tablepress tablepress-id-10\" aria-labelledby=\"tablepress-10-no-2-name\">\n<thead>\n<tr class=\"row-1 odd\">\n\t<th class=\"column-1\">Porteur du projet<\/th><th class=\"column-2\">Nom du projet<\/th><th class=\"column-3\">Structure de rattachement<\/th>\n<\/tr>\n<\/thead>\n<tbody class=\"row-hover\">\n<tr class=\"row-2 even\">\n\t<td class=\"column-1\">Yacine BOULAFTALI<\/td><td class=\"column-2\">Int\u00e9ractions plaquettes- Leucocytes dans le d\u00e9veloppement des an\u00e9vrismes de l'aorte abdominale<\/td><td class=\"column-3\">Unit\u00e9 Inserm 1148 LVTS<\/td>\n<\/tr>\n<tr class=\"row-3 odd\">\n\t<td class=\"column-1\">Ana\u00efs GARDETTE<\/td><td class=\"column-2\">R\u00f4le de la tyrosine phosphatase Lyp (PTPN22) dans l\u2019activation des  polynucl\u00e9aires neutrophiles humains et dans la polyarthrite rhumato\u00efde<\/td><td class=\"column-3\">Service de Rhumatologie, H\u00f4pital Bichat<\/td>\n<\/tr>\n<tr class=\"row-4 even\">\n\t<td class=\"column-1\">Boris HANSEL<\/td><td class=\"column-2\">\u00c9tude de la fonction r\u00e9nale et des marqueurs de fibrose avant et apr\u00e8s chirurgie bariatrique (N\u00e9phrobaria)<\/td><td class=\"column-3\">Service de Diab\u00e9tologie-Endocrinologie-Nutrition, H\u00f4pital Bichat<\/td>\n<\/tr>\n<tr class=\"row-5 odd\">\n\t<td class=\"column-1\">Nidaa MIKA\u00cfL<\/td><td class=\"column-2\">Imagerie mol\u00e9culaire de la m\u00e9moire isch\u00e9mique myocardique chez le rat par le 99mTc-<br \/>\nFuco\u00efdane<br \/>\n<\/td><td class=\"column-3\">Service de M\u00e9decine Nucl\u00e9aire, H\u00f4pital Bichat<br \/>\nLVTS (Inserm U1148), Equipe 4<br \/>\n<\/td>\n<\/tr>\n<tr class=\"row-6 even\">\n\t<td class=\"column-1\">Kamel MOHAMMEDI<\/td><td class=\"column-2\">Stress oxydant, longueur des t\u00e9lom\u00e8res<br \/>\n&amp; morbi-mortalit\u00e9 cardio-vasculaire li\u00e9e au diab\u00e8te<br \/>\n<\/td><td class=\"column-3\">INSERM U1138, centre de recherches des Cordeliers- Service d\u2019Endocrinologie, Diab\u00e8te et Nutrition, H\u00f4pital Bichat<\/td>\n<\/tr>\n<\/tbody>\n<\/table>\n<\/p>","protected":false},"excerpt":{"rendered":"<p>D\u00e9sol\u00e9, cet article est seulement disponible en Anglais Am\u00e9ricain.<\/p>\n","protected":false},"author":3,"featured_media":0,"parent":45,"menu_order":3,"comment_status":"closed","ping_status":"closed","template":"","meta":{"_analytify_skip_tracking":false,"_links_to":"","_links_to_target":""},"_links":{"self":[{"href":"https:\/\/www.dhufire.org\/index.php?rest_route=\/wp\/v2\/pages\/473"}],"collection":[{"href":"https:\/\/www.dhufire.org\/index.php?rest_route=\/wp\/v2\/pages"}],"about":[{"href":"https:\/\/www.dhufire.org\/index.php?rest_route=\/wp\/v2\/types\/page"}],"author":[{"embeddable":true,"href":"https:\/\/www.dhufire.org\/index.php?rest_route=\/wp\/v2\/users\/3"}],"replies":[{"embeddable":true,"href":"https:\/\/www.dhufire.org\/index.php?rest_route=%2Fwp%2Fv2%2Fcomments&post=473"}],"version-history":[{"count":3,"href":"https:\/\/www.dhufire.org\/index.php?rest_route=\/wp\/v2\/pages\/473\/revisions"}],"predecessor-version":[{"id":476,"href":"https:\/\/www.dhufire.org\/index.php?rest_route=\/wp\/v2\/pages\/473\/revisions\/476"}],"up":[{"embeddable":true,"href":"https:\/\/www.dhufire.org\/index.php?rest_route=\/wp\/v2\/pages\/45"}],"wp:attachment":[{"href":"https:\/\/www.dhufire.org\/index.php?rest_route=%2Fwp%2Fv2%2Fmedia&parent=473"}],"curies":[{"name":"wp","href":"https:\/\/api.w.org\/{rel}","templated":true}]}}