{"id":49,"date":"2014-09-25T10:38:48","date_gmt":"2014-09-25T09:38:48","guid":{"rendered":"http:\/\/www.dhufire.org\/?page_id=49"},"modified":"2014-09-30T16:53:48","modified_gmt":"2014-09-30T15:53:48","slug":"emergence-1","status":"publish","type":"page","link":"https:\/\/www.dhufire.org\/?page_id=49","title":{"rendered":"Emergence 1"},"content":{"rendered":"<p><\/p>\n<h3><span style=\"color: #c41616;\"><strong>Emergence 1 (2013)<\/strong><\/span><\/h3>\n<ul>\n<li><span style=\"color: #000000;\"><a title=\"Jonathan Chemouny\" href=\"http:\/\/www.dhufire.org\/?page_id=95\"><strong><span style=\"color: #000000;\">Jonathan Chemouny<\/span> <\/strong><\/a>(Unit\u00e9 Inserm 1149)<\/span><\/li>\n<\/ul>\n<p><em>\u00c9tude de l\u2019int\u00e9r\u00eat de marqueurs biologiques et histologiques dans la pr\u00e9diction de l\u2019\u00e9volution et de la r\u00e9ponse au traitement dans la n\u00e9phropathie \u00e0 IgA de l\u2019adulte.<\/em><\/p>\n<ul>\n<li><span style=\"color: #000000;\"><a style=\"color: #000000;\" title=\"Beno\u00eet Ho Tin Noe\" href=\"http:\/\/www.dhufire.org\/?page_id=93\"><span style=\"color: #000000;\">\u00a0<\/span><strong><span style=\"color: #000000;\">Beno\u00eet<\/span> <span style=\"color: #000000;\">Ho-Tin-No\u00e9<\/span><\/strong><\/a> <\/span>(Unit\u00e9 Inserm 1148 et Cardiologie Bichat)<\/li>\n<\/ul>\n<p><em>R\u00e9gulation des activit\u00e9s des neutrophiles par les plaquettes dans le remodelage vasculaire<\/em><\/p>\n<ul>\n<li>\u00a0<a title=\"S\u00e9verine Letuv\u00e9\" href=\"http:\/\/www.dhufire.org\/?page_id=55\"><strong><span style=\"color: #000000;\">S\u00e9verine Letuv\u00e9<\/span> <\/strong><\/a>(Unit\u00e9 Inserm 1152 et Pneumologie Bichat)<\/li>\n<\/ul>\n<p><em>R\u00f4le de la Transglutaminase 2 (TG2) dans le remodelage \u00e9pith\u00e9lial et la\u00a0fibrogen\u00e8se tissulaire dans l\u2019asthme<\/em><\/p>\n<ul>\n<li><span style=\"color: #000000;\">\u00a0<\/span><a title=\"Louis Potier\" href=\"http:\/\/www.dhufire.org\/?page_id=87\"><strong><span style=\"color: #000000;\">Louis Potier<\/span> <\/strong><\/a>(Unit\u00e9 Inserm 1138 et Diab\u00e9tologie Bichat)<\/li>\n<\/ul>\n<p><em>Nouveaux traitements pharmacologiques des complications cardiaques et r\u00e9nales du diab\u00e8te\u00a0: les agonistes des r\u00e9cepteurs des kinines<\/em><\/p>\n<ul>\n<li><a title=\"Karim Sacr\u00e9\" href=\"http:\/\/www.dhufire.org\/?page_id=85\">\u00a0<span style=\"color: #000000;\"><strong><span style=\"color: #000000;\">Karim Sacr\u00e9<\/span><\/strong><\/span><\/a> (Unit\u00e9 Inserm U1149, M\u00e9decine interne Bichat)<\/li>\n<\/ul>\n<p><em>R\u00f4le de l\u2019immunit\u00e9 T dans l\u2019ath\u00e9rome associ\u00e9 au lupus<\/em><\/p>\n<ul>\n<li><a title=\"Nicolas Vodovar\" href=\"http:\/\/www.dhufire.org\/?page_id=90\">\u00a0<span style=\"color: #000000;\"><strong><span style=\"color: #000000;\">Nicolas Vodovar<\/span><\/strong> <\/span><\/a>(Unit\u00e9 Inserm 942 \u2013 Lariboisi\u00e8re)<\/li>\n<\/ul>\n<p><em>Evaluation of the role of QSOX1 in the establishment of cardiac fibrosis<\/em><\/p>","protected":false},"excerpt":{"rendered":"<p>Emergence 1 (2013) Jonathan Chemouny (Unit\u00e9 Inserm 1149) \u00c9tude de l\u2019int\u00e9r\u00eat de marqueurs biologiques et histologiques dans la pr\u00e9diction de l\u2019\u00e9volution et de la r\u00e9ponse au traitement dans la n\u00e9phropathie \u00e0 IgA de l\u2019adulte. \u00a0Beno\u00eet Ho-Tin-No\u00e9 (Unit\u00e9 Inserm 1148 et <a class=\"more-link\" href=\"https:\/\/www.dhufire.org\/?page_id=49\">Lire la suite <span class=\"meta-nav\">&rarr;<\/span><\/a><\/p>\n","protected":false},"author":3,"featured_media":0,"parent":45,"menu_order":1,"comment_status":"closed","ping_status":"closed","template":"","meta":{"_analytify_skip_tracking":false,"_links_to":"","_links_to_target":""},"_links":{"self":[{"href":"https:\/\/www.dhufire.org\/index.php?rest_route=\/wp\/v2\/pages\/49"}],"collection":[{"href":"https:\/\/www.dhufire.org\/index.php?rest_route=\/wp\/v2\/pages"}],"about":[{"href":"https:\/\/www.dhufire.org\/index.php?rest_route=\/wp\/v2\/types\/page"}],"author":[{"embeddable":true,"href":"https:\/\/www.dhufire.org\/index.php?rest_route=\/wp\/v2\/users\/3"}],"replies":[{"embeddable":true,"href":"https:\/\/www.dhufire.org\/index.php?rest_route=%2Fwp%2Fv2%2Fcomments&post=49"}],"version-history":[{"count":11,"href":"https:\/\/www.dhufire.org\/index.php?rest_route=\/wp\/v2\/pages\/49\/revisions"}],"predecessor-version":[{"id":307,"href":"https:\/\/www.dhufire.org\/index.php?rest_route=\/wp\/v2\/pages\/49\/revisions\/307"}],"up":[{"embeddable":true,"href":"https:\/\/www.dhufire.org\/index.php?rest_route=\/wp\/v2\/pages\/45"}],"wp:attachment":[{"href":"https:\/\/www.dhufire.org\/index.php?rest_route=%2Fwp%2Fv2%2Fmedia&parent=49"}],"curies":[{"name":"wp","href":"https:\/\/api.w.org\/{rel}","templated":true}]}}