{"id":496,"date":"2015-10-26T17:32:22","date_gmt":"2015-10-26T16:32:22","guid":{"rendered":"http:\/\/www.dhufire.org\/?page_id=496"},"modified":"2015-11-09T09:44:57","modified_gmt":"2015-11-09T08:44:57","slug":"yacine-boulaftali","status":"publish","type":"page","link":"https:\/\/www.dhufire.org\/?page_id=496","title":{"rendered":"Yacine Boulaftali"},"content":{"rendered":"<p><\/p>\n<p style=\"text-align: justify;\"><strong>INTERACTIONS PLAQUETTES \u2013 LEUCOCYTES DANS LE\u00a0<\/strong><b>D\u00c9VELOPPEMENT<\/b><br \/>\n<strong> DES ANEVRYSMES DE L\u2019AORTE ABDOMINALE.<\/strong><\/p>\n<p style=\"text-align: justify;\">BOULAFTALI Y1, DELBOSC S1, LOUEDEC L1, BOUTON MC1, CALIGIURI G1, MICHEL JB1, JANDROT-PERRUS M1, HO-TIN-NOE B1.<br \/>\n1 INSERM U 1148, Laboratory for Vascular Translational Science. yacine.boulaftali@inserm.fr<\/p>\n<p style=\"text-align: justify;\"><strong>Introduction : <\/strong><\/p>\n<p style=\"text-align: justify;\">Les plaquettes sanguines sont les gardiennes de l\u2019int\u00e9grit\u00e9 vasculaire par leur capacit\u00e9 \u00e0 limiter les saignements de fa\u00e7on d\u00e9pendante et ind\u00e9pendante de leur fonction h\u00e9mostatique. Cette fonction des plaquettes ind\u00e9pendante de la formation du thrombus, repose sur la pr\u00e9vention et\/ou la r\u00e9paration des d\u00e9g\u00e2ts vasculaires inflig\u00e9s par les neutrophiles et\/ou les macrophages. Le r\u00f4le des plaquettes dans l\u2019initiation et la propagation de la pathologie an\u00e9vrysmale est peu connu. En effet, les an\u00e9vrysmes de l\u2019aorte abdominale (AAA) se caract\u00e9risent par la pr\u00e9sence d\u2019un thrombus intra-luminal (TIL), dont le m\u00e9canisme de formation est m\u00e9connu. Celui-ci appara\u00eet d\u00e9l\u00e9t\u00e8re aux stades avanc\u00e9s de la maladie car il constitue une plateforme pour le recrutement de leucocytes et de germes pathog\u00e8nes conduisant \u00e0 une dilatation acc\u00e9l\u00e9r\u00e9e du vaisseau. Cependant, il n\u2019existe pas de donn\u00e9es quant au r\u00f4le des plaquettes aux stades initiaux de l\u2019an\u00e9vrysme. Mon projet a pour but de caract\u00e9riser la contribution des plaquettes et les m\u00e9canismes de r\u00e9ponse plaquettaire lors de la formation et du d\u00e9veloppement an\u00e9vrysmal.<\/p>\n<p style=\"text-align: justify;\"><strong>M\u00e9thodes : <\/strong><\/p>\n<p style=\"text-align: justify;\">Nous utiliserons un mod\u00e8le d\u2019AAA induit par application d\u2019\u00e9lastase sur l\u2019aorte sous r\u00e9nale de souris infect\u00e9es ou non de bact\u00e9ries parodontales Porphyromonas gingivalis. Ce mod\u00e8le sera r\u00e9alis\u00e9 chez des souris sauvages ou d\u00e9ficientes pour les deux voies principales d\u2019activation plaquettaire. L\u2019adh\u00e9sion des plaquettes et le recrutement des leucocytes au niveau de l\u2019aorte infrar\u00e9nale seront analys\u00e9s \u00e0 diff\u00e9rents temps apr\u00e8s l\u2019initiation de la l\u00e9sion \u00e0 l\u2019aide de marqueurs fluorescents des plaquettes, des leucocytes et du fibrinog\u00e8ne par microscopie intravitale et par immunohistologie.<br \/>\nR\u00e9sultats : Dans le mod\u00e8le \u00e0 l\u2019\u00e9lastase sans bact\u00e9ries, j\u2019ai pu observer par microscopie intravitale que le traitement entra\u00eene une d\u00e9sorganisation des fibres \u00e9lastiques et un recrutement pr\u00e9coce des plaquettes et des leucocytes au niveau de la zone l\u00e9s\u00e9e. De plus, nos observations par microscopie intravitale ont mis en \u00e9vidence une dilatation de l\u2019aorte et une angiogen\u00e8se adventitielle.<\/p>\n<p style=\"text-align: justify;\"><strong>Conclusions : <\/strong><\/p>\n<p style=\"text-align: justify;\">Nos r\u00e9sultats pr\u00e9liminaires sugg\u00e8rent que les plaquettes sont recrut\u00e9es d\u00e8s les stades initiaux de l\u2019AAA. Ce projet permettrait de d\u00e9terminer l\u2019int\u00e9r\u00eat th\u00e9rapeutique \u00e9ventuel des antiplaquettaires d\u00e9j\u00e0 disponibles (clopidogrel, aspirine) et\/ou en d\u00e9veloppement (anti-GPVI ou anti-CLEC-2) pour cibler les diff\u00e9rents processus d\u00e9l\u00e9t\u00e8res participant \u00e0 la croissance des AAA.<\/p>\n<p><\/p>","protected":false},"excerpt":{"rendered":"<p>INTERACTIONS PLAQUETTES \u2013 LEUCOCYTES DANS LE\u00a0D\u00c9VELOPPEMENT DES ANEVRYSMES DE L\u2019AORTE ABDOMINALE. BOULAFTALI Y1, DELBOSC S1, LOUEDEC L1, BOUTON MC1, CALIGIURI G1, MICHEL JB1, JANDROT-PERRUS M1, HO-TIN-NOE B1. 1 INSERM U 1148, Laboratory for Vascular Translational Science. yacine.boulaftali@inserm.fr Introduction : Les <a class=\"more-link\" href=\"https:\/\/www.dhufire.org\/?page_id=496\">Lire la suite <span class=\"meta-nav\">&rarr;<\/span><\/a><\/p>\n","protected":false},"author":3,"featured_media":0,"parent":473,"menu_order":1,"comment_status":"closed","ping_status":"closed","template":"","meta":{"_analytify_skip_tracking":false,"_links_to":"","_links_to_target":""},"_links":{"self":[{"href":"https:\/\/www.dhufire.org\/index.php?rest_route=\/wp\/v2\/pages\/496"}],"collection":[{"href":"https:\/\/www.dhufire.org\/index.php?rest_route=\/wp\/v2\/pages"}],"about":[{"href":"https:\/\/www.dhufire.org\/index.php?rest_route=\/wp\/v2\/types\/page"}],"author":[{"embeddable":true,"href":"https:\/\/www.dhufire.org\/index.php?rest_route=\/wp\/v2\/users\/3"}],"replies":[{"embeddable":true,"href":"https:\/\/www.dhufire.org\/index.php?rest_route=%2Fwp%2Fv2%2Fcomments&post=496"}],"version-history":[{"count":4,"href":"https:\/\/www.dhufire.org\/index.php?rest_route=\/wp\/v2\/pages\/496\/revisions"}],"predecessor-version":[{"id":500,"href":"https:\/\/www.dhufire.org\/index.php?rest_route=\/wp\/v2\/pages\/496\/revisions\/500"}],"up":[{"embeddable":true,"href":"https:\/\/www.dhufire.org\/index.php?rest_route=\/wp\/v2\/pages\/473"}],"wp:attachment":[{"href":"https:\/\/www.dhufire.org\/index.php?rest_route=%2Fwp%2Fv2%2Fmedia&parent=496"}],"curies":[{"name":"wp","href":"https:\/\/api.w.org\/{rel}","templated":true}]}}