{"id":53,"date":"2014-09-25T10:41:00","date_gmt":"2014-09-25T09:41:00","guid":{"rendered":"http:\/\/www.dhufire.org\/?page_id=53"},"modified":"2014-09-30T16:53:07","modified_gmt":"2014-09-30T15:53:07","slug":"emergence-2-2","status":"publish","type":"page","link":"https:\/\/www.dhufire.org\/?page_id=53","title":{"rendered":"Emergence 2"},"content":{"rendered":"<p><\/p>\n<h3><span style=\"color: #c41617;\"><strong>Emergence 2<\/strong><\/span><\/h3>\n<ul>\n<li><span style=\"color: #000000;\"><a style=\"color: #000000;\" title=\"Emmanuelle Vidal-Petiot\" href=\"http:\/\/www.dhufire.org\/?page_id=97\"><strong><span style=\"color: #000000;\">Emmanuelle Vidal-Petiot <\/span><\/strong><\/a><\/span>(Unit\u00e9 Inserm 1149)<\/li>\n<\/ul>\n<p><em>Mesure de l\u2019activit\u00e9 nerveuse sympathique par microneurographie chez les patients b\u00e9n\u00e9ficiant d\u2019une d\u00e9nervation r\u00e9nale<\/em><\/p>\n<ul>\n<li><a title=\"Arnaud Mailleux\" href=\"http:\/\/www.dhufire.org\/?page_id=99\"><strong><span style=\"color: #000000;\">Arnaud Mailleux<\/span> <\/strong><\/a>(Unit\u00e9 Inserm 1152)<\/li>\n<\/ul>\n<p><em>Identification des fonctions non-apoptotiques de la forme nucl\u00e9aire de la prot\u00e9ine proapoptotique BAX au cours de la fibrose pulmonaire idiopathique<\/em><\/p>\n<ul>\n<li><span style=\"color: #000000;\"><a style=\"color: #000000;\" title=\"M\u00e9lodie Aubart\" href=\"http:\/\/www.dhufire.org\/?page_id=101\"><strong><span style=\"color: #000000;\">M\u00e9lodie Aubart <\/span><\/strong><\/a><\/span>(Unit\u00e9 Inserm 1148)<\/li>\n<\/ul>\n<p><em>Variabilit\u00e9 ph\u00e9notypique du syndrome de Marfan : recherche de facteurs g\u00e9n\u00e9tiques modificateurs par \u00e9tude eQTL<\/em><\/p>\n<ul>\n<li><a title=\"Nicolas Charles\" href=\"http:\/\/www.dhufire.org\/?page_id=103\"><strong><span style=\"color: #000000;\">Nicolas Charles <\/span><\/strong><\/a>(Unit\u00e9 Inserm 1149)<\/li>\n<\/ul>\n<p><em>Les basophiles dans le d\u00e9veloppement de la n\u00e9phrite lupique \u2013 Approche Transcriptomique<\/em><\/p>\n<ul>\n<li><a title=\"Marie Le Borgne-Moynier\" href=\"http:\/\/www.dhufire.org\/?page_id=105\"><strong><span style=\"color: #000000;\">Marie Le Borgne-Moynier <\/span><\/strong><\/a>(Unit\u00e9 Inserm 1148)<\/li>\n<\/ul>\n<p><em>R\u00f4le des mastocytes et des basophiles dans l\u2019ath\u00e9roscl\u00e9rose<\/em><\/p>","protected":false},"excerpt":{"rendered":"<p>Emergence 2 Emmanuelle Vidal-Petiot (Unit\u00e9 Inserm 1149) Mesure de l\u2019activit\u00e9 nerveuse sympathique par microneurographie chez les patients b\u00e9n\u00e9ficiant d\u2019une d\u00e9nervation r\u00e9nale Arnaud Mailleux (Unit\u00e9 Inserm 1152) Identification des fonctions non-apoptotiques de la forme nucl\u00e9aire de la prot\u00e9ine proapoptotique BAX au <a class=\"more-link\" href=\"https:\/\/www.dhufire.org\/?page_id=53\">Lire la suite <span class=\"meta-nav\">&rarr;<\/span><\/a><\/p>\n","protected":false},"author":3,"featured_media":0,"parent":45,"menu_order":2,"comment_status":"closed","ping_status":"closed","template":"","meta":{"_analytify_skip_tracking":false,"_links_to":"","_links_to_target":""},"_links":{"self":[{"href":"https:\/\/www.dhufire.org\/index.php?rest_route=\/wp\/v2\/pages\/53"}],"collection":[{"href":"https:\/\/www.dhufire.org\/index.php?rest_route=\/wp\/v2\/pages"}],"about":[{"href":"https:\/\/www.dhufire.org\/index.php?rest_route=\/wp\/v2\/types\/page"}],"author":[{"embeddable":true,"href":"https:\/\/www.dhufire.org\/index.php?rest_route=\/wp\/v2\/users\/3"}],"replies":[{"embeddable":true,"href":"https:\/\/www.dhufire.org\/index.php?rest_route=%2Fwp%2Fv2%2Fcomments&post=53"}],"version-history":[{"count":9,"href":"https:\/\/www.dhufire.org\/index.php?rest_route=\/wp\/v2\/pages\/53\/revisions"}],"predecessor-version":[{"id":306,"href":"https:\/\/www.dhufire.org\/index.php?rest_route=\/wp\/v2\/pages\/53\/revisions\/306"}],"up":[{"embeddable":true,"href":"https:\/\/www.dhufire.org\/index.php?rest_route=\/wp\/v2\/pages\/45"}],"wp:attachment":[{"href":"https:\/\/www.dhufire.org\/index.php?rest_route=%2Fwp%2Fv2%2Fmedia&parent=53"}],"curies":[{"name":"wp","href":"https:\/\/api.w.org\/{rel}","templated":true}]}}