{"id":562,"date":"2017-09-07T16:01:54","date_gmt":"2017-09-07T15:01:54","guid":{"rendered":"https:\/\/www.dhufire.org\/?page_id=562"},"modified":"2017-09-07T16:03:38","modified_gmt":"2017-09-07T15:03:38","slug":"emergence-4","status":"publish","type":"page","link":"https:\/\/www.dhufire.org\/?page_id=562","title":{"rendered":"Emergence 4"},"content":{"rendered":"<p>\n<table id=\"tablepress-11\" class=\"tablepress tablepress-id-11\">\n<thead>\n<tr class=\"row-1 odd\">\n\t<th class=\"column-1\">Porteur du projet<\/th><th class=\"column-2\">Nom du projet<\/th><th class=\"column-3\">Structure de rattachement<\/th>\n<\/tr>\n<\/thead>\n<tbody class=\"row-hover\">\n<tr class=\"row-2 even\">\n\t<td class=\"column-1\">Pierre-Antoine JUGE<\/td><td class=\"column-2\">Etude de l'implication du g\u00e8ne SFTPC dans la pneumopathie interstitielle diffuse au cours de la polyarthrite rhumato\u00efde<\/td><td class=\"column-3\">Service de rhumatologie- Bichat<\/td>\n<\/tr>\n<tr class=\"row-3 odd\">\n\t<td class=\"column-1\">Aur\u00e9lien JUSTET<\/td><td class=\"column-2\">FGFR 4 : une nouvelle voie th\u00e9rapeutique dans la fibrose pulmonaire idiopathique.<\/td><td class=\"column-3\">U1152 Equipe 3- Pneumologie A Bichat<\/td>\n<\/tr>\n<tr class=\"row-4 even\">\n\t<td class=\"column-1\">Fanny SAIDOUNE<\/td><td class=\"column-2\">R\u00f4le des lymphocytes B dans l'ath\u00e9rome acc\u00e9l\u00e9r\u00e9 associ\u00e9 au lupus syst\u00e9mique<\/td><td class=\"column-3\">U1149<\/td>\n<\/tr>\n<tr class=\"row-5 odd\">\n\t<td class=\"column-1\">Alexy TRAN DINH<\/td><td class=\"column-2\">R\u00f4le du CD31 dans la dysfonction primaire du greffon pulmonaire<\/td><td class=\"column-3\">U1148 - D\u00e9partement Anesth\u00e9sie r\u00e9animation Bichat<\/td>\n<\/tr>\n<\/tbody>\n<\/table>\n<!-- #tablepress-11 from cache --><\/p>","protected":false},"excerpt":{"rendered":"","protected":false},"author":3,"featured_media":0,"parent":45,"menu_order":4,"comment_status":"closed","ping_status":"closed","template":"","meta":{"_analytify_skip_tracking":false,"_links_to":"","_links_to_target":""},"_links":{"self":[{"href":"https:\/\/www.dhufire.org\/index.php?rest_route=\/wp\/v2\/pages\/562"}],"collection":[{"href":"https:\/\/www.dhufire.org\/index.php?rest_route=\/wp\/v2\/pages"}],"about":[{"href":"https:\/\/www.dhufire.org\/index.php?rest_route=\/wp\/v2\/types\/page"}],"author":[{"embeddable":true,"href":"https:\/\/www.dhufire.org\/index.php?rest_route=\/wp\/v2\/users\/3"}],"replies":[{"embeddable":true,"href":"https:\/\/www.dhufire.org\/index.php?rest_route=%2Fwp%2Fv2%2Fcomments&post=562"}],"version-history":[{"count":2,"href":"https:\/\/www.dhufire.org\/index.php?rest_route=\/wp\/v2\/pages\/562\/revisions"}],"predecessor-version":[{"id":566,"href":"https:\/\/www.dhufire.org\/index.php?rest_route=\/wp\/v2\/pages\/562\/revisions\/566"}],"up":[{"embeddable":true,"href":"https:\/\/www.dhufire.org\/index.php?rest_route=\/wp\/v2\/pages\/45"}],"wp:attachment":[{"href":"https:\/\/www.dhufire.org\/index.php?rest_route=%2Fwp%2Fv2%2Fmedia&parent=562"}],"curies":[{"name":"wp","href":"https:\/\/api.w.org\/{rel}","templated":true}]}}