{"id":58,"date":"2014-09-25T10:44:20","date_gmt":"2014-09-25T09:44:20","guid":{"rendered":"http:\/\/www.dhufire.org\/?page_id=58"},"modified":"2014-09-30T17:06:27","modified_gmt":"2014-09-30T16:06:27","slug":"conferences","status":"publish","type":"page","link":"https:\/\/www.dhufire.org\/?page_id=58","title":{"rendered":"Conf\u00e9rences"},"content":{"rendered":"<p><\/p>\n<p style=\"text-align: justify;\">Le DHU organise une conf\u00e9rence annuelle, la <span style=\"color: #c41600;\"><strong>FIRE Conf\u00e9rence<\/strong><\/span> au cours de laquelle est pr\u00e9sent\u00e9 un bilan de l&#8217;\u00e9tat d&#8217;avancement des projets du DHU tandis que l&#8217;apr\u00e8s-midi est consacr\u00e9 \u00e0 des conf\u00e9rences d&#8217;orateurs invit\u00e9s.<\/p>\n<ul>\n<li style=\"text-align: justify;\"><span style=\"color: #c41600;\"><strong><a style=\"color: #c41600;\" title=\"Fire Conf 2014\" href=\"http:\/\/www.dhufire.org\/?page_id=63\">FIRE Conf\u00e9rence\u00a02014<\/a><\/strong><\/span><\/li>\n<\/ul>\n<ul>\n<li><span style=\"color: #c41600;\"><strong><a style=\"color: #c41600;\" title=\"Fire Conf 2013\" href=\"http:\/\/www.dhufire.org\/?page_id=61\">FIRE Conf\u00e9rence 2013<\/a><\/strong><\/span><\/li>\n<\/ul>\n<p><\/p>","protected":false},"excerpt":{"rendered":"<p>Le DHU organise une conf\u00e9rence annuelle, la FIRE Conf\u00e9rence au cours de laquelle est pr\u00e9sent\u00e9 un bilan de l&#8217;\u00e9tat d&#8217;avancement des projets du DHU tandis que l&#8217;apr\u00e8s-midi est consacr\u00e9 \u00e0 des conf\u00e9rences d&#8217;orateurs invit\u00e9s. FIRE Conf\u00e9rence\u00a02014 FIRE Conf\u00e9rence 2013<\/p>\n","protected":false},"author":3,"featured_media":0,"parent":0,"menu_order":6,"comment_status":"closed","ping_status":"closed","template":"","meta":{"_analytify_skip_tracking":false,"_links_to":"","_links_to_target":""},"_links":{"self":[{"href":"https:\/\/www.dhufire.org\/index.php?rest_route=\/wp\/v2\/pages\/58"}],"collection":[{"href":"https:\/\/www.dhufire.org\/index.php?rest_route=\/wp\/v2\/pages"}],"about":[{"href":"https:\/\/www.dhufire.org\/index.php?rest_route=\/wp\/v2\/types\/page"}],"author":[{"embeddable":true,"href":"https:\/\/www.dhufire.org\/index.php?rest_route=\/wp\/v2\/users\/3"}],"replies":[{"embeddable":true,"href":"https:\/\/www.dhufire.org\/index.php?rest_route=%2Fwp%2Fv2%2Fcomments&post=58"}],"version-history":[{"count":6,"href":"https:\/\/www.dhufire.org\/index.php?rest_route=\/wp\/v2\/pages\/58\/revisions"}],"predecessor-version":[{"id":313,"href":"https:\/\/www.dhufire.org\/index.php?rest_route=\/wp\/v2\/pages\/58\/revisions\/313"}],"wp:attachment":[{"href":"https:\/\/www.dhufire.org\/index.php?rest_route=%2Fwp%2Fv2%2Fmedia&parent=58"}],"curies":[{"name":"wp","href":"https:\/\/api.w.org\/{rel}","templated":true}]}}