{"id":95,"date":"2014-09-25T12:58:41","date_gmt":"2014-09-25T11:58:41","guid":{"rendered":"http:\/\/www.dhufire.org\/?page_id=95"},"modified":"2014-09-30T16:34:06","modified_gmt":"2014-09-30T15:34:06","slug":"jonathan-chemouny","status":"publish","type":"page","link":"https:\/\/www.dhufire.org\/?page_id=95","title":{"rendered":"Jonathan Chemouny"},"content":{"rendered":"<p><\/p>\n<ul>\n<li style=\"text-align: justify;\"><strong>Caract\u00e9risation par spectrom\u00e9trie de masse des complexes circulants dans la n\u00e9phropathie \u00e0 d\u00e9p\u00f4ts d\u2019immunoglobuline A de l\u2019adulte.<\/strong><\/li>\n<\/ul>\n<p style=\"text-align: justify;\"><strong>\u00a0<\/strong>CHEMOUNY J.M. (1,2), DAUGAS E. (1,2), VRTOVSNIK F. (1,2), RAVERY V. (3), CHOUDAT L. (4), WALKER F. (4), MONTEIRO R. (1,5), BERTHELOT L. (1)<\/p>\n<ol style=\"text-align: justify;\">\n<li>INSERM U1149, Universit\u00e9 Paris-Diderot et Inflamex, Paris, France.<\/li>\n<li>Service de N\u00e9phrologie, H\u00f4pital Bichat, Paris, France<\/li>\n<li>Service d\u2019Urologie, H\u00f4pital Bichat, Paris, France<\/li>\n<li>D\u00e9partement de Pathologie, H\u00f4pital Bichat, Paris, France<\/li>\n<li>Laboratoire d\u2019Immunologie, H\u00f4pital Bichat, Paris, France<\/li>\n<\/ol>\n<p style=\"text-align: justify;\">\u00a0jonathan.chemouny@inserm.fr<\/p>\n<p style=\"text-align: justify;\">\u00a0<strong><em>Introduction\u00a0:<\/em><\/strong> Un tiers des patients atteints de n\u00e9phropathie \u00e0 immunoglobulines A (N-IgA) rel\u00e8vent de la dialyse dans les 20 ans suivant le diagnostic. Des complexes prot\u00e9iques de haut poids mol\u00e9culaires, contenant des IgA anormalement glycosyl\u00e9es et le r\u00e9cepteur des IgA (CD89) sont reconnus comme des acteurs essentiels de la physiopathologie, mais leur composition n\u2019est qu\u2019en partie connue. Nous utilisons la spectrom\u00e9trie de masse pour identifier ces prot\u00e9ines pr\u00e9sentes dans les complexes circulants et glom\u00e9rulaires.<\/p>\n<p style=\"text-align: justify;\">\u00a0<strong><em>M\u00e9thodes\u00a0:<\/em><\/strong> Un volume de s\u00e9rum provenant de 10 patients suivis dans le service de n\u00e9phrologie de l\u2019h\u00f4pital Bichat et de 10 contr\u00f4les sains correspondant \u00e0 10\u00b5g d\u2019IgA totale a \u00e9t\u00e9 d\u00e9pos\u00e9 pour migration dans un gel de polyacrylamide en condition non d\u00e9naturante. Les bandes d\u2019int\u00e9r\u00eat ont \u00e9t\u00e9 identifi\u00e9es par Western-Blot anti-IgA et anti-CD89 puis d\u00e9coup\u00e9es pour identification et quantification relative des prot\u00e9ines pr\u00e9sentes.<\/p>\n<p style=\"text-align: justify;\">\u00a0<strong><em>R\u00e9sultats\u00a0:<\/em><\/strong> Une bande contenant \u00e0 la fois IgA et CD89 a \u00e9t\u00e9 identifi\u00e9e (Figure). L\u2019analyse par spectrom\u00e9trie de masse a identifi\u00e9 479 prot\u00e9ines dont\u00a0 la quantit\u00e9 de 28 \u00e9tait significativement augment\u00e9e et 25 diminu\u00e9es chez les patients par rapport aux contr\u00f4les.<a href=\"http:\/\/www.dhufire.org\/wp-content\/uploads\/2014\/09\/Emergence-J.C..jpg\"><img loading=\"lazy\" class=\"alignleft size-medium wp-image-138\" src=\"http:\/\/www.dhufire.org\/wp-content\/uploads\/2014\/09\/Emergence-J.C.-300x174.jpg\" alt=\"Emergence J.C.\" width=\"300\" height=\"174\" srcset=\"https:\/\/www.dhufire.org\/wp-content\/uploads\/2014\/09\/Emergence-J.C.-300x174.jpg 300w, https:\/\/www.dhufire.org\/wp-content\/uploads\/2014\/09\/Emergence-J.C..jpg 947w\" sizes=\"(max-width: 300px) 100vw, 300px\" \/><\/a><\/p>\n<p style=\"text-align: justify;\">\u00a0<strong><em>Conclusion\u00a0:<\/em><\/strong> Nous avons identifi\u00e9 28 prot\u00e9ines migrant avec les complexes macromol\u00e9culaires d\u2019IgA augment\u00e9es chez les patients atteints de N-IgA. Les prot\u00e9ines, \u00e9galement augment\u00e9es dans les glom\u00e9rules des patients, seront \u00e9tudi\u00e9es par m\u00e9thode biochimique dans une cohorte plus importante de patients afin de confirmer leur implication dans la maladie et mises en relation avec les donn\u00e9es cliniques pour \u00e9valuer leur potentielle implication dans son \u00e9volution.<\/p>\n<\/p>\n<p><\/p>","protected":false},"excerpt":{"rendered":"<p>Caract\u00e9risation par spectrom\u00e9trie de masse des complexes circulants dans la n\u00e9phropathie \u00e0 d\u00e9p\u00f4ts d\u2019immunoglobuline A de l\u2019adulte. \u00a0CHEMOUNY J.M. (1,2), DAUGAS E. (1,2), VRTOVSNIK F. (1,2), RAVERY V. (3), CHOUDAT L. (4), WALKER F. (4), MONTEIRO R. (1,5), BERTHELOT L. <a class=\"more-link\" href=\"https:\/\/www.dhufire.org\/?page_id=95\">Lire la suite <span class=\"meta-nav\">&rarr;<\/span><\/a><\/p>\n","protected":false},"author":3,"featured_media":0,"parent":49,"menu_order":6,"comment_status":"closed","ping_status":"closed","template":"","meta":{"_analytify_skip_tracking":false,"_links_to":"","_links_to_target":""},"_links":{"self":[{"href":"https:\/\/www.dhufire.org\/index.php?rest_route=\/wp\/v2\/pages\/95"}],"collection":[{"href":"https:\/\/www.dhufire.org\/index.php?rest_route=\/wp\/v2\/pages"}],"about":[{"href":"https:\/\/www.dhufire.org\/index.php?rest_route=\/wp\/v2\/types\/page"}],"author":[{"embeddable":true,"href":"https:\/\/www.dhufire.org\/index.php?rest_route=\/wp\/v2\/users\/3"}],"replies":[{"embeddable":true,"href":"https:\/\/www.dhufire.org\/index.php?rest_route=%2Fwp%2Fv2%2Fcomments&post=95"}],"version-history":[{"count":4,"href":"https:\/\/www.dhufire.org\/index.php?rest_route=\/wp\/v2\/pages\/95\/revisions"}],"predecessor-version":[{"id":289,"href":"https:\/\/www.dhufire.org\/index.php?rest_route=\/wp\/v2\/pages\/95\/revisions\/289"}],"up":[{"embeddable":true,"href":"https:\/\/www.dhufire.org\/index.php?rest_route=\/wp\/v2\/pages\/49"}],"wp:attachment":[{"href":"https:\/\/www.dhufire.org\/index.php?rest_route=%2Fwp%2Fv2%2Fmedia&parent=95"}],"curies":[{"name":"wp","href":"https:\/\/api.w.org\/{rel}","templated":true}]}}