{"id":114,"date":"2014-09-25T13:04:39","date_gmt":"2014-09-25T12:04:39","guid":{"rendered":"http:\/\/www.dhufire.org\/?page_id=114"},"modified":"2014-11-06T17:08:47","modified_gmt":"2014-11-06T16:08:47","slug":"wp5","status":"publish","type":"page","link":"https:\/\/www.dhufire.org\/?page_id=114","title":{"rendered":"WP5"},"content":{"rendered":"<p><\/p>\n<p style=\"text-align: justify;\"><strong>WP 5: CardioRenal syndrome (Pr. Eric Daugas)<\/strong><\/p>\n<p style=\"text-align: justify;\">Le syndrome cardio-r\u00e9nal regroupe les intrications cliniques des maladies cardiaques et r\u00e9nales. Il est un facteur de gravit\u00e9 pour les patients atteints d\u2019insuffisance cardiaque et les patients atteints d\u2019insuffisance r\u00e9nale, il augmente les co\u00fbts de leur prise en charge. Il concerne un quart des patients hospitalis\u00e9s pour une d\u00e9compensation cardiaque et l\u2019insuffisance cardiaque est la premi\u00e8re co-morbidit\u00e9 des patients atteints d\u2019insuffisance r\u00e9nale (20% des dialys\u00e9s). Le projet FIRE a d\u2019embl\u00e9e \u00e9t\u00e9 une opportunit\u00e9 pour le d\u00e9veloppement des soins et de la recherche sur le syndrome cardio-r\u00e9nal (figure).<\/p>\n<p style=\"text-align: justify;\"><span style=\"color: #c41600;\"><strong>Soins<\/strong><\/span><\/p>\n<p style=\"text-align: justify;\">Les unit\u00e9s de cardiologie et de n\u00e9phrologie de FIRE ont pu d\u00e9velopper des axes de soins adapt\u00e9s d\u00e8s 2012 pour les patients hospitalis\u00e9s et en ambulatoire\u00a0(<strong>deliverable 5.5. Timeline 2012)\u00a0:<\/strong> des proc\u00e9dures conjointes sp\u00e9cifiques des patients atteints de syndrome cardio-r\u00e9nal, consultations mixtes mais surtout un parcours de soins facilit\u00e9 des patients entre les deux disciplines, un acc\u00e8s \u00e0 la dialyse pour le traitement de l\u2019insuffisance cardiaque r\u00e9fractaire, le recours \u00e0 la transplantation cardiaque et\/ou r\u00e9nale. L\u2019offre de soins est donc \u00e9largie quantitativement et qualitativement.<\/p>\n<p style=\"text-align: justify;\">Plus sp\u00e9cifiquement, une fili\u00e8re de prise en charge hautement sp\u00e9cialis\u00e9e de l\u2019insuffisance cardiaque r\u00e9fractaire par les techniques de dialyse (dialyse p\u00e9riton\u00e9ale et h\u00e9modialyse) a pu \u00eatre initi\u00e9e\u00a0(F. Vrtovsnik, G Jondeau, D. Logeart).<\/p>\n<p style=\"text-align: justify;\"><span style=\"text-decoration: underline;\">Perspectives<\/span>\u00a0: Augmenter l\u2019activit\u00e9 cardio-n\u00e9phrologique avec une simplification de l\u2019acc\u00e8s \u00e0 la fili\u00e8re de soins cardio-r\u00e9nale, dans toute l\u2019aire g\u00e9ographique de FIRE. Mise en place d\u2019une RCP cardio-n\u00e9phrologique. Augmenter l\u2019activit\u00e9 de prise en charge sp\u00e9cialis\u00e9e de l\u2019insuffisance cardiaque r\u00e9fractaire par dialyse (activit\u00e9 de type centre de r\u00e9f\u00e9rence).<\/p>\n<p style=\"text-align: justify;\"><span style=\"color: #c41600;\"><strong>Recherche clinique<\/strong><\/span><\/p>\n<p style=\"text-align: justify;\">L\u2019important recrutement des patients atteints de syndrome cardio-r\u00e9nal (25% des 600 patients hospitalis\u00e9s chaque ann\u00e9e pour d\u00e9compensation cardiaque) a permis de d\u00e9velopper des projets sp\u00e9cifiques.<\/p>\n<p style=\"text-align: justify;\">Une cohorte prospective des patients admis pour insuffisance cardiaque est constitu\u00e9e sur les sites Lariboisi\u00e8re et Bichat avec une bioth\u00e8que syst\u00e9matique \u00e0 Lariboisi\u00e8re (Alain Cohen-Solal).<\/p>\n<p style=\"text-align: justify;\">L\u2019\u00e9tude VOLEMIC (G. Jondeau, E Daugas) a \u00e9valu\u00e9 l\u2019imp\u00e9dancem\u00e8trie pour mieux quantifier l\u2019hyperhydratation des patients hospitalis\u00e9s pour insuffisance cardiaque et y adapter leur traitement, et ainsi pr\u00e9venir (ou contenir) le syndrome cardio-r\u00e9nal (<strong>deliverables 5.2 and 5.3. Timeline 2013<\/strong>). Le r\u00e9sultat est n\u00e9gatif\u00a0: individuellement, l\u2019imp\u00e9dancem\u00e8trie ne permet pas de mesurer plus pr\u00e9cis\u00e9ment l\u2019\u00e9tat d\u2019hydratation que les donn\u00e9es cliniques, \u00e9chographiques cardiaques, voire biologiques. Le projet VOLEMIC II qui pr\u00e9voyait l\u2019\u00e9valuation de l\u2019ajustement des soins par l\u2019imp\u00e9dancem\u00e8trie (<strong>deliverable 5.4. Timeline 2015<\/strong>) est donc abandonn\u00e9.<\/p>\n<p style=\"text-align: justify;\"><span style=\"text-decoration: underline;\">Perspectives\u00a0<\/span>: L\u2019investigation clinique sera cependant poursuivie avec\u00a0:<\/p>\n<ul style=\"text-align: justify;\">\n<li>Le projet IRAPICA (G. Jondeau, E Daugas, A. Cohen-Solal) est une \u00e9tude prospective dont l\u2019objectif primaire est de d\u00e9terminer si une strat\u00e9gie de traitement de l\u2019insuffisance cardiaque tol\u00e9rant l\u2019insuffisance r\u00e9nale aig\u00fce est sup\u00e9rieure \u00e0 la strat\u00e9gie usuelle limitant la d\u00e9pl\u00e9tion hydrosod\u00e9e en cas d\u2019insuffisance r\u00e9nale aig\u00fce (<strong>new<\/strong> <strong>deliverable 5.6. Timeline 2017<\/strong>).<\/li>\n<li>Un travail collaboratif entre les \u00e9quipes de n\u00e9phrologie et de cardiologie du DHU (F. Vrtovsnik, G Jondeau, D. Logeart) doit d\u00e9terminer l\u2019adaptation \u00e0 l\u2019insuffisance cardiaque r\u00e9fractaire des modalit\u00e9s de traitement usuellement destin\u00e9es \u00e0 l\u2019insuffisance r\u00e9nale, l\u2019h\u00e9modialyse et la dialyse p\u00e9riton\u00e9ale. Une cohorte de pr\u00e8s de 100 patients a \u00e9t\u00e9 constitu\u00e9e en lien avec le RDPLF. Son \u00e9valuation doit d\u00e9boucher sur la construction d\u2019un essai multicentrique (<strong>new<\/strong> <strong>deliverable 5.7. Timeline 2016<\/strong>).<\/li>\n<\/ul>\n<p style=\"text-align: justify;\"><span style=\"color: #c41600;\"><strong>Recherche translationnelle et fondamentale<\/strong><\/span><\/p>\n<p style=\"text-align: justify;\">La recherche au laboratoire, est le projet qui doit encore \u00eatre le plus structur\u00e9 (<strong>deliverable 5.1. Timeline 2015<\/strong>). Le projet initial entre l\u2019U1149 (E. Daugas et U. Blank) l\u2019U1148 (G. Jondeau et J-J Mercadier) int\u00e9grera l\u2019U942 (A. Cohen-Solal) afin d\u2019exploiter son expertise des mod\u00e8les animaux d\u2019insuffisance cardiaque pour d\u00e9velopper un mod\u00e8le d\u2019\u00e9tude du syndrome cardior\u00e9nal.<\/p>\n<p style=\"text-align: justify;\"><a href=\"http:\/\/www.dhufire.org\/wp-content\/uploads\/2014\/09\/WP5.png\"><img loading=\"lazy\" class=\"aligncenter wp-image-421\" src=\"http:\/\/www.dhufire.org\/wp-content\/uploads\/2014\/09\/WP5-300x168.png\" alt=\"WP5\" width=\"428\" height=\"244\" \/><\/a><\/p>\n<p><\/p>","protected":false},"excerpt":{"rendered":"<p>WP 5: CardioRenal syndrome (Pr. Eric Daugas) Le syndrome cardio-r\u00e9nal regroupe les intrications cliniques des maladies cardiaques et r\u00e9nales. Il est un facteur de gravit\u00e9 pour les patients atteints d\u2019insuffisance cardiaque et les patients atteints d\u2019insuffisance r\u00e9nale, il augmente les <a class=\"more-link\" href=\"https:\/\/www.dhufire.org\/?page_id=114\">Lire la suite <span class=\"meta-nav\">&rarr;<\/span><\/a><\/p>\n","protected":false},"author":3,"featured_media":0,"parent":37,"menu_order":5,"comment_status":"closed","ping_status":"closed","template":"","meta":{"_analytify_skip_tracking":false,"_links_to":"","_links_to_target":""},"_links":{"self":[{"href":"https:\/\/www.dhufire.org\/index.php?rest_route=\/wp\/v2\/pages\/114"}],"collection":[{"href":"https:\/\/www.dhufire.org\/index.php?rest_route=\/wp\/v2\/pages"}],"about":[{"href":"https:\/\/www.dhufire.org\/index.php?rest_route=\/wp\/v2\/types\/page"}],"author":[{"embeddable":true,"href":"https:\/\/www.dhufire.org\/index.php?rest_route=\/wp\/v2\/users\/3"}],"replies":[{"embeddable":true,"href":"https:\/\/www.dhufire.org\/index.php?rest_route=%2Fwp%2Fv2%2Fcomments&post=114"}],"version-history":[{"count":7,"href":"https:\/\/www.dhufire.org\/index.php?rest_route=\/wp\/v2\/pages\/114\/revisions"}],"predecessor-version":[{"id":423,"href":"https:\/\/www.dhufire.org\/index.php?rest_route=\/wp\/v2\/pages\/114\/revisions\/423"}],"up":[{"embeddable":true,"href":"https:\/\/www.dhufire.org\/index.php?rest_route=\/wp\/v2\/pages\/37"}],"wp:attachment":[{"href":"https:\/\/www.dhufire.org\/index.php?rest_route=%2Fwp%2Fv2%2Fmedia&parent=114"}],"curies":[{"name":"wp","href":"https:\/\/api.w.org\/{rel}","templated":true}]}}