{"id":258,"date":"2014-09-30T12:43:50","date_gmt":"2014-09-30T11:43:50","guid":{"rendered":"http:\/\/www.dhufire.org\/?page_id=258"},"modified":"2014-10-13T17:15:10","modified_gmt":"2014-10-13T16:15:10","slug":"research-partners","status":"publish","type":"page","link":"https:\/\/www.dhufire.org\/?page_id=258","title":{"rendered":"Partenaires Recherche"},"content":{"rendered":"<p><\/p>\n<p>\n<table id=\"tablepress-5-no-2\" class=\"tablepress tablepress-id-5\">\n<thead>\n<tr class=\"row-1 odd\">\n\t<th class=\"column-1\">Ref<\/th><th class=\"column-2\">Type<\/th><th class=\"column-3\">Name<\/th><th class=\"column-4\">Location<\/th><th class=\"column-5\">Leader<\/th>\n<\/tr>\n<\/thead>\n<tbody class=\"row-hover\">\n<tr class=\"row-2 even\">\n\t<td class=\"column-1\">R1.1<\/td><td class=\"column-2\">U1148: Laboratory for Translational Science<\/td><td class=\"column-3\">Team 1: Biology of Atherothrombosis<\/td><td class=\"column-4\">Bichat<\/td><td class=\"column-5\">A Nicoletti<\/td>\n<\/tr>\n<tr class=\"row-3 odd\">\n\t<td class=\"column-1\">R1.2<\/td><td class=\"column-2\">U1148: Laboratory for Translational Science<\/td><td class=\"column-3\">Team 2: Cardiovascular Structural Diseases<\/td><td class=\"column-4\">Bichat<\/td><td class=\"column-5\">C Boileau &amp; G Jondeau<\/td>\n<\/tr>\n<tr class=\"row-4 even\">\n\t<td class=\"column-1\">R1.3<\/td><td class=\"column-2\">U1148: Laboratory for Translational Science<\/td><td class=\"column-3\">Team 3: Cardiovascular Bioengineering<\/td><td class=\"column-4\">Bichat<\/td><td class=\"column-5\">D Letourneur<\/td>\n<\/tr>\n<tr class=\"row-5 odd\">\n\t<td class=\"column-1\">R1.4<\/td><td class=\"column-2\">U1148: Laboratory for Translational Science<\/td><td class=\"column-3\">Team 4: Cardiovascular Imaging<\/td><td class=\"column-4\">Bichat<\/td><td class=\"column-5\">D Le Guludec<\/td>\n<\/tr>\n<tr class=\"row-6 even\">\n\t<td class=\"column-1\">R1.5<\/td><td class=\"column-2\">U1148: Laboratory for Translational Science<\/td><td class=\"column-3\">Team 5: Atherothrombotic Disease in Heart and Brain<\/td><td class=\"column-4\">Bichat<\/td><td class=\"column-5\">G Steg<\/td>\n<\/tr>\n<tr class=\"row-7 odd\">\n\t<td class=\"column-1\">R2.1<\/td><td class=\"column-2\">U1149: Immunopathologie r\u00e9nale, r\u00e9cepteurs et inflammation<\/td><td class=\"column-3\">Team 1: Immunoreceptors and renal immunopathology<\/td><td class=\"column-4\">Bichat<\/td><td class=\"column-5\">R Monteiro<\/td>\n<\/tr>\n<tr class=\"row-8 even\">\n\t<td class=\"column-1\">R2.2<\/td><td class=\"column-2\">U1149: Immunopathologie r\u00e9nale, r\u00e9cepteurs et inflammation<\/td><td class=\"column-3\">Team 2: Mast cells and basophils in inflammation and remodeling<\/td><td class=\"column-4\">Bichat<\/td><td class=\"column-5\">U Blank &amp; P Launay<\/td>\n<\/tr>\n<tr class=\"row-9 odd\">\n\t<td class=\"column-1\">R2.3<\/td><td class=\"column-2\">U1149: Immunopathologie r\u00e9nale, r\u00e9cepteurs et inflammation<\/td><td class=\"column-3\">Team 3: Phagocyte, NOX and immunogenetics in systemic inflammation<\/td><td class=\"column-4\">Bichat<\/td><td class=\"column-5\">J El Benna<\/td>\n<\/tr>\n<tr class=\"row-10 even\">\n\t<td class=\"column-1\">R2.4<\/td><td class=\"column-2\">U1149: Immunopathologie r\u00e9nale, r\u00e9cepteurs et inflammation<\/td><td class=\"column-3\">Team 4: Heme, Iron and Inflammatory diseases<\/td><td class=\"column-4\">Bichat<\/td><td class=\"column-5\">L Gouya &amp; H Puy<\/td>\n<\/tr>\n<tr class=\"row-11 odd\">\n\t<td class=\"column-1\">R2.5<\/td><td class=\"column-2\">U1149: Immunopathologie r\u00e9nale, r\u00e9cepteurs et inflammation<\/td><td class=\"column-3\">Team 5: Innate immune responses in the child: role in viral infections and graft versus host reaction<\/td><td class=\"column-4\">Bichat<\/td><td class=\"column-5\">S Caillat-Zucman<\/td>\n<\/tr>\n<tr class=\"row-12 even\">\n\t<td class=\"column-1\">R3.1<\/td><td class=\"column-2\">U1152: Physiopathologie et \u00e9pid\u00e9miologie des maladies respiratoires<\/td><td class=\"column-3\">Team 1: Epidemiology of respiratory diseases :from the etiology of asthma and COPD to the prognosis of lung transplantation<\/td><td class=\"column-4\">Bichat<\/td><td class=\"column-5\">G Thabut<\/td>\n<\/tr>\n<tr class=\"row-13 odd\">\n\t<td class=\"column-1\">R3.2<\/td><td class=\"column-2\">U1152: Physiopathologie et \u00e9pid\u00e9miologie des maladies respiratoires<\/td><td class=\"column-3\">Team 2: Airway inflammation and remodeling in obstructive lung diseases<\/td><td class=\"column-4\">Bichat<\/td><td class=\"column-5\">M Pretolani et M Aubier <\/td>\n<\/tr>\n<tr class=\"row-14 even\">\n\t<td class=\"column-1\">R3.3<\/td><td class=\"column-2\">U1152: Physiopathologie et \u00e9pid\u00e9miologie des maladies respiratoires<\/td><td class=\"column-3\">Team 3: Lung Inflammation and Fibrogenesis<\/td><td class=\"column-4\">Bichat<\/td><td class=\"column-5\">B Crestani<\/td>\n<\/tr>\n<tr class=\"row-15 odd\">\n\t<td class=\"column-1\">R3.4<\/td><td class=\"column-2\">U1152: Physiopathologie et \u00e9pid\u00e9miologie des maladies respiratoires<\/td><td class=\"column-3\">Team 4: Innate immunity and anti-infective pulmonary defense<\/td><td class=\"column-4\">Bichat<\/td><td class=\"column-5\">J-M Sallenave<\/td>\n<\/tr>\n<tr class=\"row-16 even\">\n\t<td class=\"column-1\">R4.<\/td><td class=\"column-2\">U942: Biomarkers and cardiac disease<\/td><td class=\"column-3\"><\/td><td class=\"column-4\">Lariboisi\u00e8re<\/td><td class=\"column-5\">A Cohen Solal<\/td>\n<\/tr>\n<tr class=\"row-17 odd\">\n\t<td class=\"column-1\">R5.<\/td><td class=\"column-2\">U1138<\/td><td class=\"column-3\">Team 2: Pathophysiology and therapeutics of vascular and renal diseases related to diabetes and nutrition<\/td><td class=\"column-4\">Centre de Recherches des Cordeliers<\/td><td class=\"column-5\">R Roussel<\/td>\n<\/tr>\n<tr class=\"row-18 even\">\n\t<td class=\"column-1\">R6.<\/td><td class=\"column-2\">FRIM: F\u00e9d\u00e9ration de Recherche en Imagerie Multimodalit\u00e9<\/td><td class=\"column-3\"><\/td><td class=\"column-4\">Bichat<\/td><td class=\"column-5\">D Le Guludec<\/td>\n<\/tr>\n<\/tbody>\n<\/table>\n<!-- #tablepress-5-no-2 from cache -->\n<\/p>\n<p><\/p>","protected":false},"excerpt":{"rendered":"","protected":false},"author":3,"featured_media":0,"parent":34,"menu_order":2,"comment_status":"closed","ping_status":"closed","template":"","meta":{"_analytify_skip_tracking":false,"_links_to":"","_links_to_target":""},"_links":{"self":[{"href":"https:\/\/www.dhufire.org\/index.php?rest_route=\/wp\/v2\/pages\/258"}],"collection":[{"href":"https:\/\/www.dhufire.org\/index.php?rest_route=\/wp\/v2\/pages"}],"about":[{"href":"https:\/\/www.dhufire.org\/index.php?rest_route=\/wp\/v2\/types\/page"}],"author":[{"embeddable":true,"href":"https:\/\/www.dhufire.org\/index.php?rest_route=\/wp\/v2\/users\/3"}],"replies":[{"embeddable":true,"href":"https:\/\/www.dhufire.org\/index.php?rest_route=%2Fwp%2Fv2%2Fcomments&post=258"}],"version-history":[{"count":6,"href":"https:\/\/www.dhufire.org\/index.php?rest_route=\/wp\/v2\/pages\/258\/revisions"}],"predecessor-version":[{"id":396,"href":"https:\/\/www.dhufire.org\/index.php?rest_route=\/wp\/v2\/pages\/258\/revisions\/396"}],"up":[{"embeddable":true,"href":"https:\/\/www.dhufire.org\/index.php?rest_route=\/wp\/v2\/pages\/34"}],"wp:attachment":[{"href":"https:\/\/www.dhufire.org\/index.php?rest_route=%2Fwp%2Fv2%2Fmedia&parent=258"}],"curies":[{"name":"wp","href":"https:\/\/api.w.org\/{rel}","templated":true}]}}