{"id":406,"date":"2014-10-28T11:04:54","date_gmt":"2014-10-28T10:04:54","guid":{"rendered":"http:\/\/www.dhufire.org\/?page_id=406"},"modified":"2017-12-29T17:32:39","modified_gmt":"2017-12-29T16:32:39","slug":"autoevaluation","status":"publish","type":"page","link":"https:\/\/www.dhufire.org\/?page_id=406","title":{"rendered":"Auto\u00e9valuation"},"content":{"rendered":"<p style=\"text-align: justify;\">Les 8 premiers DHU labellis\u00e9s en \u00cele de France en 2012 ont \u00e9t\u00e9 \u00e9valu\u00e9s \u00e0 mi-parcours sous la forme d\u2019une auto\u00e9valuation comprenant des indicateurs communs \u00e9tablis par la DRCD: le soin, la recherche, la formation, la gouvernance, la communication et l\u2018avancement des Work packages.<\/p>\n<p>L\u2019Auto\u00e9valuation du DHU Fire d&#8217;octobre 2014 est disponible ci-dessous\u00a0:<\/p>\n<p><a href=\"http:\/\/www.dhufire.org\/wp-content\/uploads\/2014\/10\/Rapport-dAuto\u00e9valuation-2014-du-DHU-Fire.pdf\">Rapport d&#8217;Auto\u00e9valuation 2014 du DHU Fire<\/a><\/p>\n<p><a href=\"http:\/\/www.dhufire.org\/wp-content\/uploads\/2014\/10\/Annexes-Auto\u00e9valuation-2014-du-DHU-Fire.pdf\">Annexes Auto\u00e9valuation 2014 du DHU Fire<\/a><\/p>\n<p>Le DHU Fire a rendu une \u00e9valuation finale le 15 octobre 2017 aupr\u00e8s du HCERES au terme des 5 ann\u00e9es de labellisation.<\/p>\n<p><a href=\"https:\/\/www.dhufire.org\/?attachment_id=584\" rel=\"attachment wp-att-584\">Evaluation DHU Fire 2017 + Appendices<\/a><\/p>\n","protected":false},"excerpt":{"rendered":"<p>Les 8 premiers DHU labellis\u00e9s en \u00cele de France en 2012 ont \u00e9t\u00e9 \u00e9valu\u00e9s \u00e0 mi-parcours sous la forme d\u2019une auto\u00e9valuation comprenant des indicateurs communs \u00e9tablis par la DRCD: le soin, la recherche, la formation, la gouvernance, la communication et <a class=\"more-link\" href=\"https:\/\/www.dhufire.org\/?page_id=406\">Lire la suite <span class=\"meta-nav\">&rarr;<\/span><\/a><\/p>\n","protected":false},"author":3,"featured_media":0,"parent":0,"menu_order":8,"comment_status":"closed","ping_status":"closed","template":"","meta":{"_analytify_skip_tracking":false,"_links_to":"","_links_to_target":""},"_links":{"self":[{"href":"https:\/\/www.dhufire.org\/index.php?rest_route=\/wp\/v2\/pages\/406"}],"collection":[{"href":"https:\/\/www.dhufire.org\/index.php?rest_route=\/wp\/v2\/pages"}],"about":[{"href":"https:\/\/www.dhufire.org\/index.php?rest_route=\/wp\/v2\/types\/page"}],"author":[{"embeddable":true,"href":"https:\/\/www.dhufire.org\/index.php?rest_route=\/wp\/v2\/users\/3"}],"replies":[{"embeddable":true,"href":"https:\/\/www.dhufire.org\/index.php?rest_route=%2Fwp%2Fv2%2Fcomments&post=406"}],"version-history":[{"count":8,"href":"https:\/\/www.dhufire.org\/index.php?rest_route=\/wp\/v2\/pages\/406\/revisions"}],"predecessor-version":[{"id":586,"href":"https:\/\/www.dhufire.org\/index.php?rest_route=\/wp\/v2\/pages\/406\/revisions\/586"}],"wp:attachment":[{"href":"https:\/\/www.dhufire.org\/index.php?rest_route=%2Fwp%2Fv2%2Fmedia&parent=406"}],"curies":[{"name":"wp","href":"https:\/\/api.w.org\/{rel}","templated":true}]}}