{"id":45,"date":"2014-09-25T10:36:58","date_gmt":"2014-09-25T09:36:58","guid":{"rendered":"http:\/\/www.dhufire.org\/?page_id=45"},"modified":"2014-10-13T17:22:24","modified_gmt":"2014-10-13T16:22:24","slug":"emergence","status":"publish","type":"page","link":"https:\/\/www.dhufire.org\/?page_id=45","title":{"rendered":"Emergence"},"content":{"rendered":"<p><\/p>\n<p><p style=\"text-align: justify;\">Dans le cadre du <a title=\"Emergence 1\" href=\"http:\/\/www.dhufire.org\/?page_id=49\"><strong>premier Appel \u00e0 Projets \u201cEmergence\u201d<\/strong> <\/a>du DHU FIRE (2013), huit projets avaient \u00e9t\u00e9 re\u00e7us. Apr\u00e8s \u00e9valuation par deux rapporteurs, six projets avaient finalement \u00e9t\u00e9 retenus et financ\u00e9s. Pour <a title=\"Emergence 2\" href=\"http:\/\/www.dhufire.org\/?page_id=53\"><strong>l\u2019Appel \u00e0 projets Emergence 2 <\/strong><\/a>(2014), 19 projets ont \u00e9t\u00e9 d\u00e9pos\u00e9s et \u00e9valu\u00e9s par le Comit\u00e9 Scientifique du DHU. Chaque projet a \u00e9t\u00e9 \u00e9valu\u00e9 par deux experts, dont un expert ext\u00e9rieur. Cinq projets ont finalement \u00e9t\u00e9 retenus. Chacun d&#8217;entre eux sera financ\u00e9 \u00e0 hauteur de 15 000 euros.<\/p>\n<p>La priorit\u00e9 a \u00e9t\u00e9 donn\u00e9e aux projets transversaux.<\/p>\n<p><\/p>","protected":false},"excerpt":{"rendered":"<p>Dans le cadre du premier Appel \u00e0 Projets \u201cEmergence\u201d du DHU FIRE (2013), huit projets avaient \u00e9t\u00e9 re\u00e7us. Apr\u00e8s \u00e9valuation par deux rapporteurs, six projets avaient finalement \u00e9t\u00e9 retenus et financ\u00e9s. Pour l\u2019Appel \u00e0 projets Emergence 2 (2014), 19 projets <a class=\"more-link\" href=\"https:\/\/www.dhufire.org\/?page_id=45\">Lire la suite <span class=\"meta-nav\">&rarr;<\/span><\/a><\/p>\n","protected":false},"author":3,"featured_media":0,"parent":0,"menu_order":5,"comment_status":"closed","ping_status":"closed","template":"","meta":{"_analytify_skip_tracking":false,"_links_to":"","_links_to_target":""},"_links":{"self":[{"href":"https:\/\/www.dhufire.org\/index.php?rest_route=\/wp\/v2\/pages\/45"}],"collection":[{"href":"https:\/\/www.dhufire.org\/index.php?rest_route=\/wp\/v2\/pages"}],"about":[{"href":"https:\/\/www.dhufire.org\/index.php?rest_route=\/wp\/v2\/types\/page"}],"author":[{"embeddable":true,"href":"https:\/\/www.dhufire.org\/index.php?rest_route=\/wp\/v2\/users\/3"}],"replies":[{"embeddable":true,"href":"https:\/\/www.dhufire.org\/index.php?rest_route=%2Fwp%2Fv2%2Fcomments&post=45"}],"version-history":[{"count":5,"href":"https:\/\/www.dhufire.org\/index.php?rest_route=\/wp\/v2\/pages\/45\/revisions"}],"predecessor-version":[{"id":402,"href":"https:\/\/www.dhufire.org\/index.php?rest_route=\/wp\/v2\/pages\/45\/revisions\/402"}],"wp:attachment":[{"href":"https:\/\/www.dhufire.org\/index.php?rest_route=%2Fwp%2Fv2%2Fmedia&parent=45"}],"curies":[{"name":"wp","href":"https:\/\/api.w.org\/{rel}","templated":true}]}}