{"id":511,"date":"2015-10-15T11:10:18","date_gmt":"2015-10-15T10:10:18","guid":{"rendered":"http:\/\/www.dhufire.org\/?page_id=511"},"modified":"2017-12-29T18:11:02","modified_gmt":"2017-12-29T17:11:02","slug":"fire-conf-2015","status":"publish","type":"page","link":"https:\/\/www.dhufire.org\/?page_id=511","title":{"rendered":"Fire Conf 2015"},"content":{"rendered":"<p>La\u00a0<strong>troisi\u00e8me journ\u00e9e scientifique du DHU s\u2019est d\u00e9roul\u00e9e <span style=\"color: #cf1919;\">le jeudi 8 Octobre 2015<\/span><\/strong>. La matin\u00e9e a \u00e9t\u00e9 consacr\u00e9e \u00e0 la pr\u00e9sentation de l\u2019avancement des travaux de chaque\u00a0<strong style=\"font-style: inherit;\">Work packages<\/strong>\u00a0par leur coordonnateur (WP1: Pr CRESTANI; WP2 : Pr ROUSSEL\u00a0; WP4 Pr STEG\u00a0; WP5 : Pr\u00a0 DAUGAS; WP6 Pr\u00a0D\u2019ORTHO).<\/p>\n<div id=\"attachment_515\" style=\"width: 254px\" class=\"wp-caption alignleft\"><a href=\"http:\/\/www.dhufire.org\/wp-content\/uploads\/2015\/11\/20151008_140720.jpg\"><img aria-describedby=\"caption-attachment-515\" loading=\"lazy\" class=\"wp-image-515 \" src=\"https:\/\/www.dhufire.org\/wp-content\/uploads\/2015\/11\/20151008_140720-300x169.jpg\" alt=\"20151008_140720\" width=\"244\" height=\"142\" \/><\/a><p id=\"caption-attachment-515\" class=\"wp-caption-text\">Le doyen, Philippe Ruszniewski<\/p><\/div>\n<p>Le Pr. <strong>Philippe RUSZNIEWSKI<\/strong>, doyen de l\u2019UFR de M\u00e9decine Paris Diderot nous a fait l\u2019honneur d\u2019introduire l\u2019apr\u00e8s-midi scientifique et a rappel\u00e9 le r\u00f4le fondamental et structurant des DHU pour la recherche.<\/p>\n<p>&nbsp;<\/p>\n<p>&nbsp;<\/p>\n<p><span style=\"color: #cf1919;\"><strong>Conf\u00e9rences invit\u00e9es<\/strong><\/span><\/p>\n<ul>\n<li><strong><em>New pathways in idiopathic pulmonary fibrosis &#8211;\u00a0<\/em><\/strong><strong>P<\/strong><strong>r. <\/strong><strong>Andreas G\u00dcNTHER\u00a0<\/strong>(Giessen University, Allemagne)<\/li>\n<li><strong><em>Cons\u00e9quences cardiovasculaires de l&#8217;hypoxie intermittente : de la souris au syndrome d&#8217;apn\u00e9es du sommeil<\/em><\/strong><strong> &#8211; Pr. Diane GODIN-RIBUOT <\/strong>(INSERM U1042 Hypoxie : Physiopathologie Cardiovasculaire et Respiratoire -Facult\u00e9 de M\u00e9decine de Grenoble)<\/li>\n<li><strong><em>Inhiber IRF5\u00a0: une nouvelle piste dans le traitement du syndrome m\u00e9tabolique\u00a0? &#8211; <\/em><\/strong><strong>Nicolas VENTECLEF<\/strong> (Centre de Recherche des Cordeliers- Team Diabetes cellular and clinical pathogenesis)<\/li>\n<li><strong>Avanc\u00e9es technologiques\u00a0:<em>Microfluidique en gouttes\u00a0: un nouvel outil pour l\u2019\u00e9tude monocellule<\/em>, Pierre BRUHNS, <\/strong>Institut Pasteur\n<p><div id=\"attachment_516\" style=\"width: 326px\" class=\"wp-caption alignnone\"><img aria-describedby=\"caption-attachment-516\" loading=\"lazy\" class=\"wp-image-516\" src=\"http:\/\/www.dhufire.org\/wp-content\/uploads\/2015\/11\/20151008_141304-300x169.jpg\" alt=\"20151008_141304\" width=\"316\" height=\"182\" \/><p id=\"caption-attachment-516\" class=\"wp-caption-text\">Andreas G\u00fcnther et Bruno Crestani<\/p><\/div><\/li>\n<\/ul>\n<p>&nbsp;<\/p>\n<p>T\u00e9l\u00e9charger le Book de la Fire Conference 2015:\u00a0<a href=\"http:\/\/www.dhufire.org\/wp-content\/uploads\/2015\/11\/Book-FIRE-Conf-2015.pdf\">Book FIRE Conf 2015<\/a><\/p>\n","protected":false},"excerpt":{"rendered":"<p>La\u00a0troisi\u00e8me journ\u00e9e scientifique du DHU s\u2019est d\u00e9roul\u00e9e le jeudi 8 Octobre 2015. La matin\u00e9e a \u00e9t\u00e9 consacr\u00e9e \u00e0 la pr\u00e9sentation de l\u2019avancement des travaux de chaque\u00a0Work packages\u00a0par leur coordonnateur (WP1: Pr CRESTANI; WP2 : Pr ROUSSEL\u00a0; WP4 Pr STEG\u00a0; WP5 <a class=\"more-link\" href=\"https:\/\/www.dhufire.org\/?page_id=511\">Lire la suite <span class=\"meta-nav\">&rarr;<\/span><\/a><\/p>\n","protected":false},"author":3,"featured_media":0,"parent":58,"menu_order":3,"comment_status":"closed","ping_status":"closed","template":"","meta":{"_analytify_skip_tracking":false,"_links_to":"","_links_to_target":""},"_links":{"self":[{"href":"https:\/\/www.dhufire.org\/index.php?rest_route=\/wp\/v2\/pages\/511"}],"collection":[{"href":"https:\/\/www.dhufire.org\/index.php?rest_route=\/wp\/v2\/pages"}],"about":[{"href":"https:\/\/www.dhufire.org\/index.php?rest_route=\/wp\/v2\/types\/page"}],"author":[{"embeddable":true,"href":"https:\/\/www.dhufire.org\/index.php?rest_route=\/wp\/v2\/users\/3"}],"replies":[{"embeddable":true,"href":"https:\/\/www.dhufire.org\/index.php?rest_route=%2Fwp%2Fv2%2Fcomments&post=511"}],"version-history":[{"count":4,"href":"https:\/\/www.dhufire.org\/index.php?rest_route=\/wp\/v2\/pages\/511\/revisions"}],"predecessor-version":[{"id":587,"href":"https:\/\/www.dhufire.org\/index.php?rest_route=\/wp\/v2\/pages\/511\/revisions\/587"}],"up":[{"embeddable":true,"href":"https:\/\/www.dhufire.org\/index.php?rest_route=\/wp\/v2\/pages\/58"}],"wp:attachment":[{"href":"https:\/\/www.dhufire.org\/index.php?rest_route=%2Fwp%2Fv2%2Fmedia&parent=511"}],"curies":[{"name":"wp","href":"https:\/\/api.w.org\/{rel}","templated":true}]}}