{"id":61,"date":"2014-09-25T10:46:32","date_gmt":"2014-09-25T09:46:32","guid":{"rendered":"http:\/\/www.dhufire.org\/?page_id=61"},"modified":"2014-11-06T17:14:34","modified_gmt":"2014-11-06T16:14:34","slug":"fire-conf-2013","status":"publish","type":"page","link":"https:\/\/www.dhufire.org\/?page_id=61","title":{"rendered":"Fire Conf 2013"},"content":{"rendered":"<p><\/p>\n<p><p style=\"text-align: justify;\"><strong><a href=\"http:\/\/www.dhufire.org\/wp-content\/uploads\/2014\/09\/Fire-Conf-2013.jpg\"><img loading=\"lazy\" class=\"alignleft  wp-image-217\" src=\"http:\/\/www.dhufire.org\/wp-content\/uploads\/2014\/09\/Fire-Conf-2013-300x199.jpg\" alt=\"Fire Conf 2013\" width=\"207\" height=\"140\" \/><\/a><span style=\"color: #c41600;\">Le jeudi 5 septembre dernier a eu lieu la premi\u00e8re journ\u00e9e scientifique du DHU Fire<\/span><\/strong><\/p>\n<p style=\"text-align: justify;\">Cette premi\u00e8re journ\u00e9e scientifique a r\u00e9uni plus d\u2019une centaine de participants et s\u2019est d\u00e9roul\u00e9e sous le haut patronage de <strong>Madame Faug\u00e8re<\/strong>, Directrice G\u00e9n\u00e9rale de l&#8217;AP-HP, de <strong>Monsieur Schlemmer<\/strong>, doyen de l\u2019UFR de M\u00e9decine Paris Diderot ainsi que de Monsieur Dhainaut, coordonnateur du projet DHU.<\/p>\n<p style=\"text-align: justify;\"><a href=\"http:\/\/www.dhufire.org\/wp-content\/uploads\/2014\/09\/Mireille-Faug\u00e8re-DG-de-lAPHP-2.jpg\"><img loading=\"lazy\" class=\"alignright wp-image-219\" src=\"http:\/\/www.dhufire.org\/wp-content\/uploads\/2014\/09\/Mireille-Faug\u00e8re-DG-de-lAPHP-2-300x199.jpg\" alt=\"Mireille Faug\u00e8re DG de l'APHP (2)\" width=\"203\" height=\"137\" \/><\/a>Les participants \u00e0 la premi\u00e8re journ\u00e9e scientifique ont pu prendre part \u00e0 de nombreuses conf\u00e9rences sur le th\u00e8me des maladies chroniques, parmi lesquelles :<\/p>\n<p style=\"text-align: justify;\"><em>\u00ab ARN non codants dans les maladies respiratoires \u00bb<\/em> (P. Barbry, Institut de Pharmacologie Cellulaire et Mole\u0301culaire, Univ. Nice Sophia Antipolis)<\/p>\n<p style=\"text-align: justify;\"><em>\u00ab Ge\u0301ne\u0301tique et e\u0301pige\u0301ne\u0301tique des formes familiales des ane\u0301vrysmes de l&#8217;aorte \u00bb<\/em> (C. Boileau, UMR 698, Universite\u0301 Paris Diderot-Bichat)<\/p>\n<p style=\"text-align: justify;\"><em>\u00ab Peptidomique urinaire : un nouvel outil pour le pronostic des ne\u0301phropathies obstructives \u00bb<\/em>(J-L. Bascands, Institute of Metabolic and Cardiovascular Disease, Toulouse)<\/p>\n<p style=\"text-align: justify;\"><a href=\"http:\/\/www.dhufire.org\/wp-content\/uploads\/2014\/09\/Book_5-9.pdf\">T\u00e9l\u00e9charger le book de la FIRE Conf\u00e9rence 2013<\/a><\/p>\n<p style=\"text-align: justify;\">\n<p><\/p>","protected":false},"excerpt":{"rendered":"<p>Le jeudi 5 septembre dernier a eu lieu la premi\u00e8re journ\u00e9e scientifique du DHU Fire Cette premi\u00e8re journ\u00e9e scientifique a r\u00e9uni plus d\u2019une centaine de participants et s\u2019est d\u00e9roul\u00e9e sous le haut patronage de Madame Faug\u00e8re, Directrice G\u00e9n\u00e9rale de l&#8217;AP-HP, <a class=\"more-link\" href=\"https:\/\/www.dhufire.org\/?page_id=61\">Lire la suite <span class=\"meta-nav\">&rarr;<\/span><\/a><\/p>\n","protected":false},"author":3,"featured_media":0,"parent":58,"menu_order":1,"comment_status":"closed","ping_status":"closed","template":"","meta":{"_analytify_skip_tracking":false,"_links_to":"","_links_to_target":""},"_links":{"self":[{"href":"https:\/\/www.dhufire.org\/index.php?rest_route=\/wp\/v2\/pages\/61"}],"collection":[{"href":"https:\/\/www.dhufire.org\/index.php?rest_route=\/wp\/v2\/pages"}],"about":[{"href":"https:\/\/www.dhufire.org\/index.php?rest_route=\/wp\/v2\/types\/page"}],"author":[{"embeddable":true,"href":"https:\/\/www.dhufire.org\/index.php?rest_route=\/wp\/v2\/users\/3"}],"replies":[{"embeddable":true,"href":"https:\/\/www.dhufire.org\/index.php?rest_route=%2Fwp%2Fv2%2Fcomments&post=61"}],"version-history":[{"count":13,"href":"https:\/\/www.dhufire.org\/index.php?rest_route=\/wp\/v2\/pages\/61\/revisions"}],"predecessor-version":[{"id":212,"href":"https:\/\/www.dhufire.org\/index.php?rest_route=\/wp\/v2\/pages\/61\/revisions\/212"}],"up":[{"embeddable":true,"href":"https:\/\/www.dhufire.org\/index.php?rest_route=\/wp\/v2\/pages\/58"}],"wp:attachment":[{"href":"https:\/\/www.dhufire.org\/index.php?rest_route=%2Fwp%2Fv2%2Fmedia&parent=61"}],"curies":[{"name":"wp","href":"https:\/\/api.w.org\/{rel}","templated":true}]}}