{"id":63,"date":"2014-09-25T10:47:00","date_gmt":"2014-09-25T09:47:00","guid":{"rendered":"http:\/\/www.dhufire.org\/?page_id=63"},"modified":"2014-09-30T16:59:59","modified_gmt":"2014-09-30T15:59:59","slug":"fire-conf-2014","status":"publish","type":"page","link":"https:\/\/www.dhufire.org\/?page_id=63","title":{"rendered":"Fire Conf 2014"},"content":{"rendered":"<p><\/p>\n<p style=\"text-align: justify;\"><a href=\"http:\/\/www.dhufire.org\/wp-content\/uploads\/2014\/09\/9-17-im-ImageAlaUne-4165-tn.jpg\"><img loading=\"lazy\" class=\"alignleft  wp-image-23\" src=\"http:\/\/www.dhufire.org\/wp-content\/uploads\/2014\/09\/9-17-im-ImageAlaUne-4165-tn.jpg\" alt=\"T\u00e9l\u00e9charger le pdf\" width=\"286\" height=\"194\" \/><\/a>La\u00a0 <span style=\"color: #c41600;\"><strong>deuxi\u00e8me journ\u00e9e scientifique du DHU s\u2019est d\u00e9roul\u00e9e le jeudi 4 Septembre 2014<\/strong><\/span>, sur le th\u00e8me\u00a0: Remodelage tissulaire dans les maladies chroniques: nouveaux m\u00e9canismes, et a r\u00e9uni une centaine de participants.<\/p>\n<p style=\"text-align: justify;\">\u00a0Le doyen de l\u2019UFR de m\u00e9decine Paris Diderot, le<span style=\"color: #000000;\"><strong> Pr Benoit Schlemmer<\/strong><\/span>, nous a fait l\u2019honneur d\u2019introduire cette conf\u00e9rence. Il a rappel\u00e9 le soutien fort de l\u2019universit\u00e9 aux DHU, et soulign\u00e9 l\u2019importance de ces structures en terme de visibilit\u00e9 de recherche.<\/p>\n<p style=\"text-align: justify;\">Le Pr Crestani a annonc\u00e9 qu\u2019une \u00e9valuation du DHU Fire, prenant la forme d\u2019une auto-\u00e9valuation, devait \u00eatre rendue courant octobre 2014, et n\u00e9cessiterait le concours de l\u2019ensemble des acteurs du DHU. Il a \u00e9galement \u00e9t\u00e9 annonc\u00e9 l\u2019individualisation dans SIGAPS du DHU Fire, permettant une meilleure visibilit\u00e9 des productions scientifiques. Il a malgr\u00e9 tout \u00e9t\u00e9 rappel\u00e9 l\u2019importance de la citation du DHU dans les affiliations, de fa\u00e7on optimale coupl\u00e9e \u00e0 l\u2019affiliation APHP.<\/p>\n<p style=\"text-align: justify;\">La premi\u00e8re partie de cette journ\u00e9e a \u00e9t\u00e9 consacr\u00e9e \u00e0 la pr\u00e9sentation de l\u2019avancement des travaux de chaque <strong>Work packages<\/strong> par leur coordonnateur (WP1: Pr Crestani\u00a0; WP2 : Pr Roussel\u00a0; WP3 : Pr\u00a0 Glotz\u00a0; WP4 Pr Steg\u00a0; WP5 : Pr\u00a0 Daugas\u00a0; WP6 Pr\u00a0 d\u2019Ortho) suivi d\u2019une pr\u00e9sentation du <strong>Labex Inflamex<\/strong> par le<strong> Pr Monteiro.<\/strong><\/p>\n<p style=\"text-align: justify;\">La deuxi\u00e8me partie de cette journ\u00e9e scientifique a d\u00e9but\u00e9 par deux conf\u00e9rences d\u2019orateurs invit\u00e9s, l\u2019une sur les <strong><em>M\u00e9canismes de l&#8217;ath\u00e9roscl\u00e9rose au cours de l&#8217;insuffisance r\u00e9nale<\/em><\/strong><em>\u00a0<\/em>(Pr. <strong>Ziad Massy<\/strong>, H\u00f4pital Ambroise Par\u00e9- Universit\u00e9 Versailles Saint Quentin- INSERM U1088), l\u2019autre sur <strong><em>Inflammation et remodelage vasculaire pulmonaire<\/em><\/strong><em>\u00a0<\/em>(<strong>Christophe Guignabert<\/strong>, INSERM U999- Universit\u00e9 Paris Sud- LabEx LERMIT- DHU Thorax Innovation). Elles ont \u00e9t\u00e9 suivies par une pr\u00e9sentation de l\u2019avancement des travaux soutenus financi\u00e8rement par le DHU Fire dans le cadre des projets <strong>Emergence 1 et 2<\/strong>. Ces pr\u00e9sentations ont permis de mesurer les nombreux r\u00e9sultats obtenus et ont \u00e9t\u00e9 l\u2019occasion de d\u00e9bats scientifiques riches sugg\u00e9rant la possibilit\u00e9 de renforcer les coop\u00e9rations transversales au sein du DHU.<\/p>\n<p style=\"text-align: justify;\"><a href=\"http:\/\/www.dhufire.org\/wp-content\/uploads\/2014\/09\/Book_FIRE_Conf\u00e9rence_2014.pdf\">T\u00e9l\u00e9charger le book de la Fire Conf 2014<\/a><\/p>\n<p style=\"text-align: justify;\">\n<p><\/p>","protected":false},"excerpt":{"rendered":"<p>La\u00a0 deuxi\u00e8me journ\u00e9e scientifique du DHU s\u2019est d\u00e9roul\u00e9e le jeudi 4 Septembre 2014, sur le th\u00e8me\u00a0: Remodelage tissulaire dans les maladies chroniques: nouveaux m\u00e9canismes, et a r\u00e9uni une centaine de participants. \u00a0Le doyen de l\u2019UFR de m\u00e9decine Paris Diderot, le <a class=\"more-link\" href=\"https:\/\/www.dhufire.org\/?page_id=63\">Lire la suite <span class=\"meta-nav\">&rarr;<\/span><\/a><\/p>\n","protected":false},"author":3,"featured_media":0,"parent":58,"menu_order":2,"comment_status":"closed","ping_status":"closed","template":"","meta":{"_analytify_skip_tracking":false,"_links_to":"","_links_to_target":""},"_links":{"self":[{"href":"https:\/\/www.dhufire.org\/index.php?rest_route=\/wp\/v2\/pages\/63"}],"collection":[{"href":"https:\/\/www.dhufire.org\/index.php?rest_route=\/wp\/v2\/pages"}],"about":[{"href":"https:\/\/www.dhufire.org\/index.php?rest_route=\/wp\/v2\/types\/page"}],"author":[{"embeddable":true,"href":"https:\/\/www.dhufire.org\/index.php?rest_route=\/wp\/v2\/users\/3"}],"replies":[{"embeddable":true,"href":"https:\/\/www.dhufire.org\/index.php?rest_route=%2Fwp%2Fv2%2Fcomments&post=63"}],"version-history":[{"count":9,"href":"https:\/\/www.dhufire.org\/index.php?rest_route=\/wp\/v2\/pages\/63\/revisions"}],"predecessor-version":[{"id":311,"href":"https:\/\/www.dhufire.org\/index.php?rest_route=\/wp\/v2\/pages\/63\/revisions\/311"}],"up":[{"embeddable":true,"href":"https:\/\/www.dhufire.org\/index.php?rest_route=\/wp\/v2\/pages\/58"}],"wp:attachment":[{"href":"https:\/\/www.dhufire.org\/index.php?rest_route=%2Fwp%2Fv2%2Fmedia&parent=63"}],"curies":[{"name":"wp","href":"https:\/\/api.w.org\/{rel}","templated":true}]}}