{"id":85,"date":"2014-09-25T12:55:43","date_gmt":"2014-09-25T11:55:43","guid":{"rendered":"http:\/\/www.dhufire.org\/?page_id=85"},"modified":"2014-09-30T16:32:27","modified_gmt":"2014-09-30T15:32:27","slug":"karim-sacre","status":"publish","type":"page","link":"https:\/\/www.dhufire.org\/?page_id=85","title":{"rendered":"Karime Sacr\u00e9"},"content":{"rendered":"<p><\/p>\n<ul>\n<li style=\"text-align: justify;\"><strong>CD4<sup>+<\/sup>CXCR3<sup>+<\/sup> T cells and plasmacytoid dendritic cells enhanced atherosclerosis in patients with Systemic Lupus Erythematosus (SLE)<\/strong><\/li>\n<\/ul>\n<p style=\"text-align: justify;\"><strong>\u00a0<\/strong>SACRE K<sup>1,2,3<\/sup>, Cl\u00e9ment M<sup>4<\/sup>, Charles N<sup>2,3<\/sup>, Escoubet B<sup>5<\/sup>, Guedj K<sup>4<\/sup>, Chauveheid MP<sup>1<\/sup>, Ollivier V<sup>4<\/sup>, Caligiuri G<sup>3,4<\/sup>, Nicoletti A<sup>3,4<\/sup>; Papo T<sup>1,2,3<\/sup><\/p>\n<p style=\"text-align: justify;\">1-Service de M\u00e9decine Interne, H\u00f4pital Bichat, Universit\u00e9 Paris Diderot, PRES Sorbonne Paris Cit\u00e9, Assistance Publique H\u00f4pitaux de Paris, Paris, France<\/p>\n<p style=\"text-align: justify;\">2-INSERM U1149, Universit\u00e9 Paris Diderot, Laboratoire d\u2019excellence INFLAMEX, PRES Sorbonne Paris Cit\u00e9, Paris, France<\/p>\n<p style=\"text-align: justify;\">3-D\u00e9partement Hospitalo-Universitaire FIRE (Fibrosis, Inflammation and Remodelling in Renal and Respiratory Diseases), Universit\u00e9 Paris Diderot, PRES Sorbonne Paris Cit\u00e9, Paris, France<\/p>\n<p style=\"text-align: justify;\">4-INSERM U1148, Universit\u00e9 Paris Diderot, PRES Sorbonne Paris Cit\u00e9, Paris, France<\/p>\n<p style=\"text-align: justify;\">5-D\u00e9partement de Physiologie, H\u00f4pital Bichat, Universit\u00e9 Paris Diderot, PRES Sorbonne Paris Cit\u00e9, Assistance Publique H\u00f4pitaux de Paris, Paris,\u00a0France<\/p>\n<p style=\"text-align: justify;\">\u00a0<a href=\"mailto:karim.sacre@bch.aphp.fr\">karim.sacre@bch.aphp.fr<\/a><\/p>\n<p style=\"text-align: justify;\">\u00a0<strong>Introduction<\/strong> Cardiovascular disease (CVD) is a major cause of morbidity and mortality in systemic lupus erythematosus (SLE). As atherosclerosis is itself immune-mediated, specific features of SLE-associated immunity might explain accelerated cardiovascular disease in this population. We herein investigated the role of T cells and plasmacytoid dendritic cells (pDCs) &#8211; both crucial in SLE pathogenesis &#8211; in atherosclerosis associated with SLE.<\/p>\n<p style=\"text-align: justify;\">\u00a0<strong>Results<\/strong> We first observed that peripheral CD4<sup>+<\/sup>T cells expressing CXCR3, a chemokine receptor involved in recruitment of T cells in atherosclerotic lesions, were high in SLE patients and correlated with atherosclerosis, as assessed by measurements of carotid internal carotid artery wall thickness (ICWT). Such CD4<sup>+<\/sup>CXCR3<sup>+<\/sup> T cells were antigen-primed and produced high levels of TNF-\u03b1. On the other hand, CXCR3 ligands (i.e. CXCL9, CXCL10, CXCL11) were high is SLE patients with active disease. In addition, IFN-\u03b1 produced by pDCs upon TLR-9 stimulation induced both the in vitro expansion of CD4<sup>+<\/sup>CXCR3<sup>+<\/sup> T cells and production of CXCR3 ligands by human coronary endothelial cells (HCEC). Eventually, TLR-9 stimulation 1-induced the development of anti-ssDNA autoantibodies and a significant rising of CXCL10 in serum, 2-enhanced CD4<sup>+<\/sup>CXCR3<sup>+<\/sup> T cells recruitment in arterial wall, and 3-promoted atheroslerosis in apoE-\/- mice.<\/p>\n<p style=\"text-align: justify;\">\u00a0<strong>Conclusion<\/strong> SLE-associated atherosclerosis may be driven by a positive pathway in which IFN-\u03b1 produced by pDCS promotes the expansion of a high frequency of antigen-stimulated, CD4<sup>+<\/sup>CXCR3<sup>+<\/sup> T cells and induces endothelial cells to secrete CXCR3 ligands, which itself drive progressive infiltration of the arterial wall and atherosclerosis.<\/p>\n<\/p>\n<p><\/p>","protected":false},"excerpt":{"rendered":"<p>CD4+CXCR3+ T cells and plasmacytoid dendritic cells enhanced atherosclerosis in patients with Systemic Lupus Erythematosus (SLE) \u00a0SACRE K1,2,3, Cl\u00e9ment M4, Charles N2,3, Escoubet B5, Guedj K4, Chauveheid MP1, Ollivier V4, Caligiuri G3,4, Nicoletti A3,4; Papo T1,2,3 1-Service de M\u00e9decine Interne, <a class=\"more-link\" href=\"https:\/\/www.dhufire.org\/?page_id=85\">Lire la suite <span class=\"meta-nav\">&rarr;<\/span><\/a><\/p>\n","protected":false},"author":3,"featured_media":0,"parent":49,"menu_order":2,"comment_status":"closed","ping_status":"closed","template":"","meta":{"_analytify_skip_tracking":false,"_links_to":"","_links_to_target":""},"_links":{"self":[{"href":"https:\/\/www.dhufire.org\/index.php?rest_route=\/wp\/v2\/pages\/85"}],"collection":[{"href":"https:\/\/www.dhufire.org\/index.php?rest_route=\/wp\/v2\/pages"}],"about":[{"href":"https:\/\/www.dhufire.org\/index.php?rest_route=\/wp\/v2\/types\/page"}],"author":[{"embeddable":true,"href":"https:\/\/www.dhufire.org\/index.php?rest_route=\/wp\/v2\/users\/3"}],"replies":[{"embeddable":true,"href":"https:\/\/www.dhufire.org\/index.php?rest_route=%2Fwp%2Fv2%2Fcomments&post=85"}],"version-history":[{"count":5,"href":"https:\/\/www.dhufire.org\/index.php?rest_route=\/wp\/v2\/pages\/85\/revisions"}],"predecessor-version":[{"id":284,"href":"https:\/\/www.dhufire.org\/index.php?rest_route=\/wp\/v2\/pages\/85\/revisions\/284"}],"up":[{"embeddable":true,"href":"https:\/\/www.dhufire.org\/index.php?rest_route=\/wp\/v2\/pages\/49"}],"wp:attachment":[{"href":"https:\/\/www.dhufire.org\/index.php?rest_route=%2Fwp%2Fv2%2Fmedia&parent=85"}],"curies":[{"name":"wp","href":"https:\/\/api.w.org\/{rel}","templated":true}]}}